{"id":99,"date":"2016-09-08T18:23:36","date_gmt":"2016-09-08T18:23:36","guid":{"rendered":"http:\/\/www.scuola.cl\/sivm\/?page_id=99"},"modified":"2026-04-10T13:16:52","modified_gmt":"2026-04-10T16:16:52","slug":"scuola-paritaria","status":"publish","type":"page","link":"https:\/\/www.scuola.cl\/sivm\/scuola\/scuola-paritaria\/","title":{"rendered":"Scuola Paritaria"},"content":{"rendered":"<p style=\"text-align: center;\"><em>\u00abEducando ciudadanos del mundo\u00bb<\/em><\/p>\n<p style=\"text-align: justify;\">Un pilar fundamental de nuestro Proyecto Educativo es que desde el a\u00f1o 2005 la Scuola Italiana es Paritaria, es decir, reconocida por el Ministerio de Educaci\u00f3n Italiano como colegio italiano en el extranjero. Esto permite que nuestros alumnos puedan acceder a los contenidos y metodolog\u00edas de los programas ministeriales italianos y europeos, certificando sus estudios frente al Estado italiano.<\/p>\n<p style=\"text-align: justify;\">La Scuola implementa un curr\u00edculum con un enfoque por competencias, buscando contribuir simult\u00e1neamente a los prop\u00f3sitos de la formaci\u00f3n integral, del desarrollo personal, potenciando la educaci\u00f3n biling\u00fce y multicultural que el colegio ofrece seg\u00fan una visi\u00f3n hol\u00edstica que valora la multidimensionalidad de la persona.<\/p>\n<p style=\"text-align: justify;\">La Scuola se declara una instituci\u00f3n educativa que tiene como fin la formaci\u00f3n de ciudadanos chilenos e italianos como ciudadanos del mundo, con memoria por sus ra\u00edces, pero conscientes de ser miembros de una sola comunidad con destino planetario.<\/p>\n<p style=\"text-align: justify;\">Nuestros estudiantes enfrentan al final del primer Ciclo (8vo) y del segundo Ciclo (IV), ex\u00e1menes internacionales (Esame Conclusivo di Stato) en la presencia de una comisi\u00f3n de examinadores provenientes de Italia as\u00ed como docentes de nuestra Instituci\u00f3n, enfrentado en el caso de 8vo, pruebas escritas (ensayo argumentativo) en italiano, espa\u00f1ol e ingl\u00e9s, una prueba de matem\u00e1tica y la presentaci\u00f3n en italiano de un trabajo de investigaci\u00f3n interdisciplinario que el estudiante prepara a lo largo de todo el a\u00f1o, mientras que al finalizar el cuarto a\u00f1o de ense\u00f1anza media, los estudiantes deben rendir el \u201cEsame Conclusivo di Stato di secondo cliclo \u201d, el cual marca la finalizaci\u00f3n de los estudios de Ense\u00f1anza Secundaria. Dicho examen permite a nuestros alumnos obtener el mismo Diploma que los estudiantes en Italia y los habilita a continuar los estudios superiores en Universidades locales, Universidades europeas y Universidades de todos aquellos pa\u00edses en que es reconocido.<\/p>\n<p style=\"text-align: justify;\">Para el desarrollo del examen se forma una Comisi\u00f3n presidida por un Dirigente Escolar nombrado por el Ministerio Italiano, e integrada por seis docentes, de los cuales tres son internos (que forman parte del plantel docente de la Scuola) y tres externos nombrados por el Ministerio Italiano.<\/p>\n<p style=\"text-align: justify;\">Cada estudiante tiene que efectuar dos pruebas escritas, una prueba de italiano y una prueba de matem\u00e1tica, y un oral pluridisciplinar (\u201cColloquio\u201d) sobre las diferentes asignaturas de examen.<br \/>La finalidad es comprobar si el estudiante logr\u00f3 alcanzar el perfil de egreso desde el punto de vista acad\u00e9mico y cultural. Se eval\u00faan las capacidades expresivas, las capacidades l\u00f3gico ling\u00fc\u00edsticas y cr\u00edticas, los conocimientos, las habilidades y las competencias correspondiente al indirizzo (Liceo scientifico opcion scienze applicate) .<\/p>\n<p><a href=\"https:\/\/drive.google.com\/file\/d\/1w3KBPTMzLxTiwyXpWLNw8SkmZ_WLrhNc\/view\" target=\"_blank\" rel=\"noopener\">Ver video\u00a0<\/a><\/p>\n<p style=\"text-align: justify;\">Adem\u00e1s, a partir del el a\u00f1o 2009 se ha concretado el proyecto del Convenio con Universidades chilenas, en el cual se valida nuestro examen internacional (Esame Conclusivo di Stato) como requisito de ingreso especial a importantes Universidades privadas del pa\u00eds.<\/p>\n<div class=\"lightweight-accordion\"><details><summary class=\"lightweight-accordion-title\"><span>Convenio Universidades<\/span><\/summary><div class=\"lightweight-accordion-body\"><\/div><\/details><\/div>\n<p style=\"text-align: center;\"><a href=\"https:\/\/www.scuola.cl\/sivm\/wp-content\/uploads\/2026\/04\/Convenios-Universidades-Chilenas-2026-Def.pdf\" target=\"_blank\" rel=\"noopener\">Convenios Universidades Chilenas 2026<\/a><\/p>\n<p style=\"text-align: center;\"><strong>Mayor informaci\u00f3n: <a href=\"mailto:mzamora@scuola.cl\">mzamora@scuola.cl<\/a><\/strong><\/p>\n<p style=\"text-align: center;\"><a href=\"https:\/\/www.scuola.cl\/sivm\/wp-content\/uploads\/2025\/10\/PTOF-2025.pdf\">Piano triennale dell&#8217;offerta formativa 2025 (PTOF)<\/a><\/p>\n<p><a href=\"https:\/\/drive.google.com\/file\/d\/1w3KBPTMzLxTiwyXpWLNw8SkmZ_WLrhNc\/view?usp=drivesdk \"><img loading=\"lazy\" decoding=\"async\" class=\"aligncenter wp-image-26782 size-medium\" src=\"https:\/\/www.scuola.cl\/sivm\/wp-content\/uploads\/2024\/09\/Scuola-Paritaria-250x435.jpeg\" alt=\"\" width=\"250\" height=\"435\" srcset=\"https:\/\/www.scuola.cl\/sivm\/wp-content\/uploads\/2024\/09\/Scuola-Paritaria-250x435.jpeg 250w, https:\/\/www.scuola.cl\/sivm\/wp-content\/uploads\/2024\/09\/Scuola-Paritaria-700x1218.jpeg 700w, https:\/\/www.scuola.cl\/sivm\/wp-content\/uploads\/2024\/09\/Scuola-Paritaria-768x1337.jpeg 768w, https:\/\/www.scuola.cl\/sivm\/wp-content\/uploads\/2024\/09\/Scuola-Paritaria-120x209.jpeg 120w, https:\/\/www.scuola.cl\/sivm\/wp-content\/uploads\/2024\/09\/Scuola-Paritaria.jpeg 828w\" sizes=\"auto, (max-width: 250px) 100vw, 250px\" \/><\/a><\/p>\n<hr \/>\n<p>Un pilastro fondamentale del nostro Progetto Educativo \u00e8 che dal 2005 la Scuola Italiana \u00e8 paritaria, cio\u00e8 riconosciuta dal Ministero dell&#8217;Istruzione Italiano come scuola italiana all&#8217;estero. Questo permette ai nostri studenti di accedere ai contenuti e alle metodologie dei programmi ministeriali italiani ed europei, certificando i loro studi davanti allo Stato italiano.<\/p>\n\n\n<p>La Scuola implementa un curriculum con un approccio per competenze, cercando di contribuire contemporaneamente agli scopi della formazione integrale, dello sviluppo personale, potenziando la formazione bilingue e multiculturale che la scuola offre secondo una visione olistica che valorizza la multidimensionalit\u00e0 della persona.<\/p>\n\n\n\n<p>La Scuola si dichiara un&#8217;istituzione educativa che ha come scopo la formazione di cittadini cileni e italiani come cittadini del mondo, con memoria per le loro radici, ma consapevoli di essere membri di una sola comunit\u00e0 a destinazione planetaria.<\/p>\n\n\n\n<p>I nostri studenti affrontano alla fine del primo Ciclo (8o) e del secondo Ciclo (IV), esami internazionali (Esame Conclusivo di Stato) in presenza di una commissione di esaminatori provenienti dall&#8217;Italia nonch\u00e9 docenti della nostra Istituzione, affrontato nel caso di 8o, prove scritte (saggio argomentativo) in italiano, spagnolo e inglese, una prova di matematica e la presentazione in italiano di un lavoro di ricerca interdisciplinare che lo studente prepara durante tutto l&#8217;anno, mentre al termine del quarto anno di scuola media, gli studenti devono sostenere l&#8217;Esame conclusivo di Stato di secondo grado\u00bb, che segna il completamento degli studi di istruzione secondaria. Questo esame permette ai nostri studenti di ottenere lo stesso diploma degli studenti in Italia e li abilita a proseguire gli studi superiori presso le universit\u00e0 locali, europee e di tutti i paesi in cui \u00e8 riconosciuto.<\/p>\n\n\n\n<p>Per lo svolgimento dell&#8217;esame \u00e8 costituita una Commissione presieduta da un Dirigente Scolastico nominato dal Ministero Italiano, e composta da sei docenti, di cui tre sono interni (che fanno parte del corpo docente della Scuola) e tre esterni nominati dal Ministero italiano.<\/p>\n\n\n\n<p>Ogni studente deve sostenere due prove scritte, una prova di italiano e una prova di matematica, e un orale multidisciplinare (\u00abColloquio\u00bb) sulle diverse materie d&#8217;esame.<br>Lo scopo \u00e8 verificare se lo studente ha raggiunto il profilo di egresso dal punto di vista accademico e culturale. Vengono valutate le capacit\u00e0 espressive, le capacit\u00e0 logiche linguistiche e critiche, le conoscenze, le abilit\u00e0 e le competenze corrispondenti all&#8217;indirizzo (Liceo scientifico opzione scienze applicate) .<\/p>\n\n\n\n<p><a href=\"https:\/\/drive.google.com\/file\/d\/1w3KBPTMzLxTiwyXpWLNw8SkmZ_WLrhNc\/view\">Guarda il video<\/a><\/p>\n\n\n\n<p>Inoltre, a partire dal 2009 \u00e8 stato concretizzato il progetto di convenzione con le universit\u00e0 cilene, in cui si convalida il nostro esame internazionale (Esame conclusivo di Stato) come requisito d&#8217;ammissione speciale alle principali universit\u00e0 private del paese.<\/p>\n\n\n\n<p><a href=\"https:\/\/www.scuola.cl\/sivm\/wp-content\/uploads\/2025\/11\/Convenios-Universidades-Chilenas-2025.pdf\">Convenzioni con le Universit\u00e0 Cilene <\/a><\/p>\n\n\n\n<p><a href=\"https:\/\/www.scuola.cl\/sivm\/wp-content\/uploads\/2025\/03\/PTOF-2024-2026.pdf\">Piano Triennale dell\u2019Offerta Formativa <\/a><\/p>\n\n\n","protected":false},"excerpt":{"rendered":"\u00abEducando ciudadanos del mundo\u00bb Un pilar fundamental de nuestro Proyecto Educativo es que desde el a\u00f1o 2005 la Scuola Italiana es Paritaria, es decir, reconocida por el Ministerio de Educaci\u00f3n Italiano como colegio italiano en el extranjero. Esto permite que nuestros alumnos puedan acceder a los contenidos y metodolog\u00edas de los programas ministeriales italianos y&#8230; <a class=\"view-article\" href=\"https:\/\/www.scuola.cl\/sivm\/scuola\/scuola-paritaria\/\">Ver art\u00edculo<\/a>","protected":false},"author":1,"featured_media":0,"parent":293,"menu_order":0,"comment_status":"closed","ping_status":"closed","template":"carta.php","meta":{"_acf_changed":false,"footnotes":""},"class_list":["post-99","page","type-page","status-publish","hentry"],"acf":[],"yoast_head":"<!-- This site is optimized with the Yoast SEO plugin v27.1.1 - https:\/\/yoast.com\/product\/yoast-seo-wordpress\/ -->\n<title>Scuola Paritaria - Scuola Italiana<\/title>\n<meta name=\"robots\" content=\"index, follow, max-snippet:-1, max-image-preview:large, max-video-preview:-1\" \/>\n<link rel=\"canonical\" href=\"https:\/\/www.scuola.cl\/sivm\/scuola\/scuola-paritaria\/\" \/>\n<meta property=\"og:locale\" content=\"es_ES\" \/>\n<meta property=\"og:type\" content=\"article\" \/>\n<meta property=\"og:title\" content=\"Scuola Paritaria - Scuola Italiana\" \/>\n<meta property=\"og:description\" content=\"\u00abEducando ciudadanos del mundo\u00bb Un pilar fundamental de nuestro Proyecto Educativo es que desde el a\u00f1o 2005 la Scuola Italiana es Paritaria, es decir, reconocida por el Ministerio de Educaci\u00f3n Italiano como colegio italiano en el extranjero. Esto permite que nuestros alumnos puedan acceder a los contenidos y metodolog\u00edas de los programas ministeriales italianos y... Ver art\u00edculo\" \/>\n<meta property=\"og:url\" content=\"https:\/\/www.scuola.cl\/sivm\/scuola\/scuola-paritaria\/\" \/>\n<meta property=\"og:site_name\" content=\"Scuola Italiana\" \/>\n<meta property=\"article:modified_time\" content=\"2026-04-10T16:16:52+00:00\" \/>\n<meta property=\"og:image\" content=\"https:\/\/www.scuola.cl\/sivm\/wp-content\/uploads\/2024\/09\/Scuola-Paritaria.jpeg\" \/>\n\t<meta property=\"og:image:width\" content=\"828\" \/>\n\t<meta property=\"og:image:height\" content=\"1441\" \/>\n\t<meta property=\"og:image:type\" content=\"image\/jpeg\" \/>\n<meta name=\"twitter:card\" content=\"summary_large_image\" \/>\n<meta name=\"twitter:label1\" content=\"Tiempo de lectura\" \/>\n\t<meta name=\"twitter:data1\" content=\"5 minutos\" \/>\n<script type=\"application\/ld+json\" class=\"yoast-schema-graph\">{\"@context\":\"https:\/\/schema.org\",\"@graph\":[{\"@type\":\"WebPage\",\"@id\":\"https:\/\/www.scuola.cl\/sivm\/scuola\/scuola-paritaria\/\",\"url\":\"https:\/\/www.scuola.cl\/sivm\/scuola\/scuola-paritaria\/\",\"name\":\"Scuola Paritaria - Scuola Italiana\",\"isPartOf\":{\"@id\":\"https:\/\/www.scuola.cl\/sivm\/#website\"},\"primaryImageOfPage\":{\"@id\":\"https:\/\/www.scuola.cl\/sivm\/scuola\/scuola-paritaria\/#primaryimage\"},\"image\":{\"@id\":\"https:\/\/www.scuola.cl\/sivm\/scuola\/scuola-paritaria\/#primaryimage\"},\"thumbnailUrl\":\"https:\/\/www.scuola.cl\/sivm\/wp-content\/uploads\/2024\/09\/Scuola-Paritaria-250x435.jpeg\",\"datePublished\":\"2016-09-08T18:23:36+00:00\",\"dateModified\":\"2026-04-10T16:16:52+00:00\",\"breadcrumb\":{\"@id\":\"https:\/\/www.scuola.cl\/sivm\/scuola\/scuola-paritaria\/#breadcrumb\"},\"inLanguage\":\"es\",\"potentialAction\":[{\"@type\":\"ReadAction\",\"target\":[\"https:\/\/www.scuola.cl\/sivm\/scuola\/scuola-paritaria\/\"]}]},{\"@type\":\"ImageObject\",\"inLanguage\":\"es\",\"@id\":\"https:\/\/www.scuola.cl\/sivm\/scuola\/scuola-paritaria\/#primaryimage\",\"url\":\"https:\/\/www.scuola.cl\/sivm\/wp-content\/uploads\/2024\/09\/Scuola-Paritaria.jpeg\",\"contentUrl\":\"https:\/\/www.scuola.cl\/sivm\/wp-content\/uploads\/2024\/09\/Scuola-Paritaria.jpeg\",\"width\":828,\"height\":1441},{\"@type\":\"BreadcrumbList\",\"@id\":\"https:\/\/www.scuola.cl\/sivm\/scuola\/scuola-paritaria\/#breadcrumb\",\"itemListElement\":[{\"@type\":\"ListItem\",\"position\":1,\"name\":\"Inicio\",\"item\":\"https:\/\/www.scuola.cl\/sivm\/\"},{\"@type\":\"ListItem\",\"position\":2,\"name\":\"SCUOLA\",\"item\":\"https:\/\/www.scuola.cl\/sivm\/scuola\/\"},{\"@type\":\"ListItem\",\"position\":3,\"name\":\"Scuola Paritaria\"}]},{\"@type\":\"WebSite\",\"@id\":\"https:\/\/www.scuola.cl\/sivm\/#website\",\"url\":\"https:\/\/www.scuola.cl\/sivm\/\",\"name\":\"Scuola Italiana\",\"description\":\"Vittorio Montiglio\",\"publisher\":{\"@id\":\"https:\/\/www.scuola.cl\/sivm\/#organization\"},\"potentialAction\":[{\"@type\":\"SearchAction\",\"target\":{\"@type\":\"EntryPoint\",\"urlTemplate\":\"https:\/\/www.scuola.cl\/sivm\/?s={search_term_string}\"},\"query-input\":{\"@type\":\"PropertyValueSpecification\",\"valueRequired\":true,\"valueName\":\"search_term_string\"}}],\"inLanguage\":\"es\"},{\"@type\":\"Organization\",\"@id\":\"https:\/\/www.scuola.cl\/sivm\/#organization\",\"name\":\"Scuola Italiana Vittorio Montiglio\",\"url\":\"https:\/\/www.scuola.cl\/sivm\/\",\"logo\":{\"@type\":\"ImageObject\",\"inLanguage\":\"es\",\"@id\":\"https:\/\/www.scuola.cl\/sivm\/#\/schema\/logo\/image\/\",\"url\":\"https:\/\/www.scuola.cl\/sivm\/wp-content\/uploads\/2019\/06\/Logo_Scuola-01-001-1000x1000.png\",\"contentUrl\":\"https:\/\/www.scuola.cl\/sivm\/wp-content\/uploads\/2019\/06\/Logo_Scuola-01-001-1000x1000.png\",\"width\":1000,\"height\":1000,\"caption\":\"Scuola Italiana Vittorio Montiglio\"},\"image\":{\"@id\":\"https:\/\/www.scuola.cl\/sivm\/#\/schema\/logo\/image\/\"}}]}<\/script>\n<!-- \/ Yoast SEO plugin. -->","yoast_head_json":{"title":"Scuola Paritaria - Scuola Italiana","robots":{"index":"index","follow":"follow","max-snippet":"max-snippet:-1","max-image-preview":"max-image-preview:large","max-video-preview":"max-video-preview:-1"},"canonical":"https:\/\/www.scuola.cl\/sivm\/scuola\/scuola-paritaria\/","og_locale":"es_ES","og_type":"article","og_title":"Scuola Paritaria - Scuola Italiana","og_description":"\u00abEducando ciudadanos del mundo\u00bb Un pilar fundamental de nuestro Proyecto Educativo es que desde el a\u00f1o 2005 la Scuola Italiana es Paritaria, es decir, reconocida por el Ministerio de Educaci\u00f3n Italiano como colegio italiano en el extranjero. Esto permite que nuestros alumnos puedan acceder a los contenidos y metodolog\u00edas de los programas ministeriales italianos y... Ver art\u00edculo","og_url":"https:\/\/www.scuola.cl\/sivm\/scuola\/scuola-paritaria\/","og_site_name":"Scuola Italiana","article_modified_time":"2026-04-10T16:16:52+00:00","og_image":[{"width":828,"height":1441,"url":"https:\/\/www.scuola.cl\/sivm\/wp-content\/uploads\/2024\/09\/Scuola-Paritaria.jpeg","type":"image\/jpeg"}],"twitter_card":"summary_large_image","twitter_misc":{"Tiempo de lectura":"5 minutos"},"schema":{"@context":"https:\/\/schema.org","@graph":[{"@type":"WebPage","@id":"https:\/\/www.scuola.cl\/sivm\/scuola\/scuola-paritaria\/","url":"https:\/\/www.scuola.cl\/sivm\/scuola\/scuola-paritaria\/","name":"Scuola Paritaria - Scuola Italiana","isPartOf":{"@id":"https:\/\/www.scuola.cl\/sivm\/#website"},"primaryImageOfPage":{"@id":"https:\/\/www.scuola.cl\/sivm\/scuola\/scuola-paritaria\/#primaryimage"},"image":{"@id":"https:\/\/www.scuola.cl\/sivm\/scuola\/scuola-paritaria\/#primaryimage"},"thumbnailUrl":"https:\/\/www.scuola.cl\/sivm\/wp-content\/uploads\/2024\/09\/Scuola-Paritaria-250x435.jpeg","datePublished":"2016-09-08T18:23:36+00:00","dateModified":"2026-04-10T16:16:52+00:00","breadcrumb":{"@id":"https:\/\/www.scuola.cl\/sivm\/scuola\/scuola-paritaria\/#breadcrumb"},"inLanguage":"es","potentialAction":[{"@type":"ReadAction","target":["https:\/\/www.scuola.cl\/sivm\/scuola\/scuola-paritaria\/"]}]},{"@type":"ImageObject","inLanguage":"es","@id":"https:\/\/www.scuola.cl\/sivm\/scuola\/scuola-paritaria\/#primaryimage","url":"https:\/\/www.scuola.cl\/sivm\/wp-content\/uploads\/2024\/09\/Scuola-Paritaria.jpeg","contentUrl":"https:\/\/www.scuola.cl\/sivm\/wp-content\/uploads\/2024\/09\/Scuola-Paritaria.jpeg","width":828,"height":1441},{"@type":"BreadcrumbList","@id":"https:\/\/www.scuola.cl\/sivm\/scuola\/scuola-paritaria\/#breadcrumb","itemListElement":[{"@type":"ListItem","position":1,"name":"Inicio","item":"https:\/\/www.scuola.cl\/sivm\/"},{"@type":"ListItem","position":2,"name":"SCUOLA","item":"https:\/\/www.scuola.cl\/sivm\/scuola\/"},{"@type":"ListItem","position":3,"name":"Scuola Paritaria"}]},{"@type":"WebSite","@id":"https:\/\/www.scuola.cl\/sivm\/#website","url":"https:\/\/www.scuola.cl\/sivm\/","name":"Scuola Italiana","description":"Vittorio Montiglio","publisher":{"@id":"https:\/\/www.scuola.cl\/sivm\/#organization"},"potentialAction":[{"@type":"SearchAction","target":{"@type":"EntryPoint","urlTemplate":"https:\/\/www.scuola.cl\/sivm\/?s={search_term_string}"},"query-input":{"@type":"PropertyValueSpecification","valueRequired":true,"valueName":"search_term_string"}}],"inLanguage":"es"},{"@type":"Organization","@id":"https:\/\/www.scuola.cl\/sivm\/#organization","name":"Scuola Italiana Vittorio Montiglio","url":"https:\/\/www.scuola.cl\/sivm\/","logo":{"@type":"ImageObject","inLanguage":"es","@id":"https:\/\/www.scuola.cl\/sivm\/#\/schema\/logo\/image\/","url":"https:\/\/www.scuola.cl\/sivm\/wp-content\/uploads\/2019\/06\/Logo_Scuola-01-001-1000x1000.png","contentUrl":"https:\/\/www.scuola.cl\/sivm\/wp-content\/uploads\/2019\/06\/Logo_Scuola-01-001-1000x1000.png","width":1000,"height":1000,"caption":"Scuola Italiana Vittorio Montiglio"},"image":{"@id":"https:\/\/www.scuola.cl\/sivm\/#\/schema\/logo\/image\/"}}]}},"_links":{"self":[{"href":"https:\/\/www.scuola.cl\/sivm\/wp-json\/wp\/v2\/pages\/99","targetHints":{"allow":["GET"]}}],"collection":[{"href":"https:\/\/www.scuola.cl\/sivm\/wp-json\/wp\/v2\/pages"}],"about":[{"href":"https:\/\/www.scuola.cl\/sivm\/wp-json\/wp\/v2\/types\/page"}],"author":[{"embeddable":true,"href":"https:\/\/www.scuola.cl\/sivm\/wp-json\/wp\/v2\/users\/1"}],"replies":[{"embeddable":true,"href":"https:\/\/www.scuola.cl\/sivm\/wp-json\/wp\/v2\/comments?post=99"}],"version-history":[{"count":104,"href":"https:\/\/www.scuola.cl\/sivm\/wp-json\/wp\/v2\/pages\/99\/revisions"}],"predecessor-version":[{"id":32974,"href":"https:\/\/www.scuola.cl\/sivm\/wp-json\/wp\/v2\/pages\/99\/revisions\/32974"}],"up":[{"embeddable":true,"href":"https:\/\/www.scuola.cl\/sivm\/wp-json\/wp\/v2\/pages\/293"}],"wp:attachment":[{"href":"https:\/\/www.scuola.cl\/sivm\/wp-json\/wp\/v2\/media?parent=99"}],"curies":[{"name":"wp","href":"https:\/\/api.w.org\/{rel}","templated":true}]}}