{"id":9369,"date":"2020-03-11T10:02:00","date_gmt":"2020-03-11T13:02:00","guid":{"rendered":"http:\/\/www.scuola.cl\/sivm\/?page_id=9369"},"modified":"2026-03-13T11:24:14","modified_gmt":"2026-03-13T14:24:14","slug":"cursos-de-italiano","status":"publish","type":"page","link":"https:\/\/www.scuola.cl\/sivm\/apoderados\/cursos-de-italiano\/","title":{"rendered":"Corsi di Italiano &#8217;26"},"content":{"rendered":"<div>\n<div class=\"contenido\">\n<div class=\"texto\">\n<p>Estimados apoderados:<\/p>\n<p>Tenemos el agrado de invitarlos a inscribirse en los cursos de lengua italiana, que este a\u00f1o ofrecer\u00e1 la Scuola en <strong>modalidad online:<\/strong><\/p>\n<p><span style=\"text-decoration: underline;\"><strong>Cursos Matutinos:<\/strong><\/span><\/p>\n<table style=\"width: 100%;\" border=\"1\" cellspacing=\"1\" cellpadding=\"1\">\n<tbody>\n<tr style=\"height: 23px;\">\n<td style=\"height: 23px; width: 13.9286%;\"><strong>NIVEL<\/strong><\/td>\n<td style=\"height: 23px; width: 24.1666%;\"><strong>PER\u00cdODO<\/strong><\/td>\n<td style=\"height: 23px; width: 21.6667%;\"><strong>D\u00cdA \/HORARIO<\/strong><\/td>\n<td style=\"height: 23px; width: 14.4048%;\"><strong>DOCENTE<\/strong><\/td>\n<td style=\"height: 23px; width: 25.119%;\"><strong>COSTO<\/strong><\/td>\n<\/tr>\n<tr style=\"height: 46px;\">\n<td style=\"height: 46px; width: 13.9286%;\">A1 (15 cupos)<\/td>\n<td style=\"height: 46px; width: 24.1666%;\">Desde el 14 abril al 27 de noviembre.<\/td>\n<td style=\"height: 46px; width: 21.6667%;\">Martes de 8:30 a 10:00 Hrs.<\/td>\n<td style=\"height: 46px; width: 14.4048%;\">Bruno Garofano<\/td>\n<td style=\"height: 46px; width: 25.119%;\">$349.000 (Incluye texto de estudio)<\/td>\n<\/tr>\n<tr style=\"height: 46px;\">\n<td style=\"height: 46px; width: 13.9286%;\">A2 (15 cupos)<\/td>\n<td style=\"height: 46px; width: 24.1666%;\">Desde el 15 abril al 27 de noviembre.<\/td>\n<td style=\"height: 46px; width: 21.6667%;\">Mi\u00e9rcoles de 8:30 a 10:00 Hrs.<\/td>\n<td style=\"height: 46px; width: 14.4048%;\">Nicoletta Sedrani<\/td>\n<td style=\"height: 46px; width: 25.119%;\">$349.000 (Incluye texto de estudio)<\/td>\n<\/tr>\n<\/tbody>\n<\/table>\n<p><span style=\"text-decoration: underline;\"><strong style=\"font-size: revert; color: initial; text-decoration: underline;\">Cursos Vespertinos:<\/strong><\/span><\/p>\n<table style=\"width: 100%; height: 115px;\" border=\"1\" cellspacing=\"1\" cellpadding=\"1\">\n<tbody>\n<tr style=\"height: 23px;\">\n<td style=\"height: 23px; width: 14.0476%;\"><strong>NIVEL<\/strong><\/td>\n<td style=\"height: 23px; width: 24.0476%;\"><strong>PER\u00cdODO<\/strong><\/td>\n<td style=\"height: 23px; width: 21.6667%;\"><strong>D\u00cdA \/HORARIO<\/strong><\/td>\n<td style=\"height: 23px; width: 14.4048%;\"><strong>DOCENTE<\/strong><\/td>\n<td style=\"height: 23px; width: 25.119%;\"><strong>COSTO<\/strong><\/td>\n<\/tr>\n<tr style=\"height: 46px;\">\n<td style=\"height: 46px; width: 14.0476%;\">A1 (15 cupos)<\/td>\n<td style=\"height: 46px; width: 24.0476%;\">Desde el 16 abril al 27 de noviembre.<\/td>\n<td style=\"height: 46px; width: 21.6667%;\">Jueves de 18:30 a\u00a0 20:00 Hrs.<\/td>\n<td style=\"height: 46px; width: 14.4048%;\">Nicoletta Sedrani<\/td>\n<td style=\"height: 46px; width: 25.119%;\">$349.000 (Incluye texto de estudio)<\/td>\n<\/tr>\n<tr style=\"height: 46px;\">\n<td style=\"height: 46px; width: 14.0476%;\">A2 (15 cupos)<\/td>\n<td style=\"height: 46px; width: 24.0476%;\">Desde el 14 abril al 27 de noviembre.<\/td>\n<td style=\"height: 46px; width: 21.6667%;\">Martes de 18:30 a 20:00 Hrs.<\/td>\n<td style=\"height: 46px; width: 14.4048%;\">Natalia Novi<\/td>\n<td style=\"height: 46px; width: 25.119%;\">$349.000 (Incluye texto de estudio)<\/td>\n<\/tr>\n<\/tbody>\n<\/table>\n<p><em><b>*\u00a0 Nivel A1:\u00a0<\/b>para alumnos que quieran acercarse a la lengua italiana (alumnos sin conocimientos previos o con conocimientos b\u00e1sicos de italiano). <\/em><\/p>\n<p><em>En este curso aprender\u00e1n a comprender y producir enunciados sencillos relacionados con necesidades b\u00e1sicas de la vida cotidiana: saludar, presentarse, dar y pedir informaci\u00f3n personal, describir, hablar del tiempo libre e intereses, hacer invitaciones, pedir informaci\u00f3n sobre objetos, lugares y horarios, y hablar del pasado; adem\u00e1s de leer y escribir textos breves sobre estas situaciones.<\/em><\/p>\n<div>\n<p><em><b>** Nivel A2:<\/b>\u00a0para alumnos que ya superaron el nivel A1. Aprender\u00e1n a comprender y producir enunciados sencillos relativos al \u00e1mbito de la vida cotidiana.<\/em><\/p>\n<p>Aprender\u00e1n a comprender y producir enunciados sencillos de la vida cotidiana: hablar de la familia, ordenar en un restaurante, narrar hechos pasados, expresar opiniones y deseos, ir de compras, pedir ayuda o aconsejar; adem\u00e1s de elaborar textos escritos relacionados con los contenidos del nivel.<\/p>\n<\/div>\n<\/div>\n<div class=\"texto\">\n<p><span style=\"text-decoration: underline;\"><strong>Modalidad de inscripci\u00f3n y condiciones pago<\/strong><\/span><\/p>\n<p>Para realizar la inscripci\u00f3n, deber\u00e1n registrarse con sus datos y elegir el curso respectivo en el siguiente link: <a href=\"http:\/\/pagos.scuola.cl\" target=\"_blank\" rel=\"noopener\">pagos.scuola.cl\u00a0<\/a><\/p>\n<p>La inscripci\u00f3n se concreta con el pago del curso elegido, que se har\u00e1 en forma presencial en Caja Scuola, donde se podr\u00e1 pagar con:<\/p>\n<p>&#8211; Tarjeta de d\u00e9bito.<\/p>\n<p>&#8211; Tarjeta de cr\u00e9dito (hasta 3 cuotas precio contado).<\/p>\n<p>El plazo para inscribirse ser\u00e1 desde el lunes 23 hasta el martes 31 de marzo.<\/p>\n<p>Para que un curso se pueda dictar, se necesitan 10 alumnos como m\u00ednimo y 15 como m\u00e1ximo.<\/p>\n<p>Por esta raz\u00f3n, el 7 de abril, dependiendo del n\u00famero de inscritos en cada curso, se avisar\u00e1 por mail a cada interesado cu\u00e1les son los cursos que parten y la respectiva fecha de inicio. A los inscritos en los cursos que no se impartan, se les devolver\u00e1 el monto pagado.<\/p>\n<p>Una vez que se confirmen los cursos que se dictar\u00e1n, los alumnos deber\u00e1n retirar los textos de estudio en Segreteria Scolastica de 8:00 a 16:00 Hrs.<\/p>\n<div>\n<p>Mayor informaci\u00f3n:\u00a0<a href=\"mailto:sperroni@scuola.cl\" target=\"_blank\" rel=\"noopener\">sperroni@scuola.cl<\/a>\u00a0\/\u00a0<a href=\"mailto:informatica@scuola.cl\" target=\"_blank\" rel=\"noopener\">informatica@scuola.cl<\/a><\/p>\n<\/div>\n<\/div>\n<\/div>\n<\/div>\n<div><\/div>\n<div><\/div>\n<div><\/div>\n","protected":false},"excerpt":{"rendered":"Estimados apoderados: Tenemos el agrado de invitarlos a inscribirse en los cursos de lengua italiana, que este a\u00f1o ofrecer\u00e1 la Scuola en modalidad online: Cursos Matutinos: NIVEL PER\u00cdODO D\u00cdA \/HORARIO DOCENTE COSTO A1 (15 cupos) Desde el 14 abril al 27 de noviembre. Martes de 8:30 a 10:00 Hrs. Bruno Garofano $349.000 (Incluye texto de&#8230; <a class=\"view-article\" href=\"https:\/\/www.scuola.cl\/sivm\/apoderados\/cursos-de-italiano\/\">Ver art\u00edculo<\/a>","protected":false},"author":2,"featured_media":0,"parent":180,"menu_order":0,"comment_status":"closed","ping_status":"closed","template":"apoderados.php","meta":{"_acf_changed":false,"footnotes":""},"class_list":["post-9369","page","type-page","status-publish","hentry"],"acf":[],"yoast_head":"<!-- This site is optimized with the Yoast SEO plugin v27.1.1 - https:\/\/yoast.com\/product\/yoast-seo-wordpress\/ -->\n<title>Corsi di Italiano &#039;26 - Scuola Italiana<\/title>\n<meta name=\"robots\" content=\"index, follow, max-snippet:-1, max-image-preview:large, max-video-preview:-1\" \/>\n<link rel=\"canonical\" href=\"https:\/\/www.scuola.cl\/sivm\/apoderados\/cursos-de-italiano\/\" \/>\n<meta property=\"og:locale\" content=\"es_ES\" \/>\n<meta property=\"og:type\" content=\"article\" \/>\n<meta property=\"og:title\" content=\"Corsi di Italiano &#039;26 - Scuola Italiana\" \/>\n<meta property=\"og:description\" content=\"Estimados apoderados: Tenemos el agrado de invitarlos a inscribirse en los cursos de lengua italiana, que este a\u00f1o ofrecer\u00e1 la Scuola en modalidad online: Cursos Matutinos: NIVEL PER\u00cdODO D\u00cdA \/HORARIO DOCENTE COSTO A1 (15 cupos) Desde el 14 abril al 27 de noviembre. Martes de 8:30 a 10:00 Hrs. Bruno Garofano $349.000 (Incluye texto de... Ver art\u00edculo\" \/>\n<meta property=\"og:url\" content=\"https:\/\/www.scuola.cl\/sivm\/apoderados\/cursos-de-italiano\/\" \/>\n<meta property=\"og:site_name\" content=\"Scuola Italiana\" \/>\n<meta property=\"article:modified_time\" content=\"2026-03-13T14:24:14+00:00\" \/>\n<meta name=\"twitter:card\" content=\"summary_large_image\" \/>\n<meta name=\"twitter:label1\" content=\"Tiempo de lectura\" \/>\n\t<meta name=\"twitter:data1\" content=\"3 minutos\" \/>\n<script type=\"application\/ld+json\" class=\"yoast-schema-graph\">{\"@context\":\"https:\/\/schema.org\",\"@graph\":[{\"@type\":\"WebPage\",\"@id\":\"https:\/\/www.scuola.cl\/sivm\/apoderados\/cursos-de-italiano\/\",\"url\":\"https:\/\/www.scuola.cl\/sivm\/apoderados\/cursos-de-italiano\/\",\"name\":\"Corsi di Italiano '26 - Scuola Italiana\",\"isPartOf\":{\"@id\":\"https:\/\/www.scuola.cl\/sivm\/#website\"},\"datePublished\":\"2020-03-11T13:02:00+00:00\",\"dateModified\":\"2026-03-13T14:24:14+00:00\",\"breadcrumb\":{\"@id\":\"https:\/\/www.scuola.cl\/sivm\/apoderados\/cursos-de-italiano\/#breadcrumb\"},\"inLanguage\":\"es\",\"potentialAction\":[{\"@type\":\"ReadAction\",\"target\":[\"https:\/\/www.scuola.cl\/sivm\/apoderados\/cursos-de-italiano\/\"]}]},{\"@type\":\"BreadcrumbList\",\"@id\":\"https:\/\/www.scuola.cl\/sivm\/apoderados\/cursos-de-italiano\/#breadcrumb\",\"itemListElement\":[{\"@type\":\"ListItem\",\"position\":1,\"name\":\"Inicio\",\"item\":\"https:\/\/www.scuola.cl\/sivm\/\"},{\"@type\":\"ListItem\",\"position\":2,\"name\":\"APODERADOS\",\"item\":\"https:\/\/www.scuola.cl\/sivm\/apoderados\/\"},{\"@type\":\"ListItem\",\"position\":3,\"name\":\"Corsi di Italiano &#8217;26\"}]},{\"@type\":\"WebSite\",\"@id\":\"https:\/\/www.scuola.cl\/sivm\/#website\",\"url\":\"https:\/\/www.scuola.cl\/sivm\/\",\"name\":\"Scuola Italiana\",\"description\":\"Vittorio Montiglio\",\"publisher\":{\"@id\":\"https:\/\/www.scuola.cl\/sivm\/#organization\"},\"potentialAction\":[{\"@type\":\"SearchAction\",\"target\":{\"@type\":\"EntryPoint\",\"urlTemplate\":\"https:\/\/www.scuola.cl\/sivm\/?s={search_term_string}\"},\"query-input\":{\"@type\":\"PropertyValueSpecification\",\"valueRequired\":true,\"valueName\":\"search_term_string\"}}],\"inLanguage\":\"es\"},{\"@type\":\"Organization\",\"@id\":\"https:\/\/www.scuola.cl\/sivm\/#organization\",\"name\":\"Scuola Italiana Vittorio Montiglio\",\"url\":\"https:\/\/www.scuola.cl\/sivm\/\",\"logo\":{\"@type\":\"ImageObject\",\"inLanguage\":\"es\",\"@id\":\"https:\/\/www.scuola.cl\/sivm\/#\/schema\/logo\/image\/\",\"url\":\"https:\/\/www.scuola.cl\/sivm\/wp-content\/uploads\/2019\/06\/Logo_Scuola-01-001-1000x1000.png\",\"contentUrl\":\"https:\/\/www.scuola.cl\/sivm\/wp-content\/uploads\/2019\/06\/Logo_Scuola-01-001-1000x1000.png\",\"width\":1000,\"height\":1000,\"caption\":\"Scuola Italiana Vittorio Montiglio\"},\"image\":{\"@id\":\"https:\/\/www.scuola.cl\/sivm\/#\/schema\/logo\/image\/\"}}]}<\/script>\n<!-- \/ Yoast SEO plugin. -->","yoast_head_json":{"title":"Corsi di Italiano '26 - Scuola Italiana","robots":{"index":"index","follow":"follow","max-snippet":"max-snippet:-1","max-image-preview":"max-image-preview:large","max-video-preview":"max-video-preview:-1"},"canonical":"https:\/\/www.scuola.cl\/sivm\/apoderados\/cursos-de-italiano\/","og_locale":"es_ES","og_type":"article","og_title":"Corsi di Italiano '26 - Scuola Italiana","og_description":"Estimados apoderados: Tenemos el agrado de invitarlos a inscribirse en los cursos de lengua italiana, que este a\u00f1o ofrecer\u00e1 la Scuola en modalidad online: Cursos Matutinos: NIVEL PER\u00cdODO D\u00cdA \/HORARIO DOCENTE COSTO A1 (15 cupos) Desde el 14 abril al 27 de noviembre. Martes de 8:30 a 10:00 Hrs. Bruno Garofano $349.000 (Incluye texto de... Ver art\u00edculo","og_url":"https:\/\/www.scuola.cl\/sivm\/apoderados\/cursos-de-italiano\/","og_site_name":"Scuola Italiana","article_modified_time":"2026-03-13T14:24:14+00:00","twitter_card":"summary_large_image","twitter_misc":{"Tiempo de lectura":"3 minutos"},"schema":{"@context":"https:\/\/schema.org","@graph":[{"@type":"WebPage","@id":"https:\/\/www.scuola.cl\/sivm\/apoderados\/cursos-de-italiano\/","url":"https:\/\/www.scuola.cl\/sivm\/apoderados\/cursos-de-italiano\/","name":"Corsi di Italiano '26 - Scuola Italiana","isPartOf":{"@id":"https:\/\/www.scuola.cl\/sivm\/#website"},"datePublished":"2020-03-11T13:02:00+00:00","dateModified":"2026-03-13T14:24:14+00:00","breadcrumb":{"@id":"https:\/\/www.scuola.cl\/sivm\/apoderados\/cursos-de-italiano\/#breadcrumb"},"inLanguage":"es","potentialAction":[{"@type":"ReadAction","target":["https:\/\/www.scuola.cl\/sivm\/apoderados\/cursos-de-italiano\/"]}]},{"@type":"BreadcrumbList","@id":"https:\/\/www.scuola.cl\/sivm\/apoderados\/cursos-de-italiano\/#breadcrumb","itemListElement":[{"@type":"ListItem","position":1,"name":"Inicio","item":"https:\/\/www.scuola.cl\/sivm\/"},{"@type":"ListItem","position":2,"name":"APODERADOS","item":"https:\/\/www.scuola.cl\/sivm\/apoderados\/"},{"@type":"ListItem","position":3,"name":"Corsi di Italiano &#8217;26"}]},{"@type":"WebSite","@id":"https:\/\/www.scuola.cl\/sivm\/#website","url":"https:\/\/www.scuola.cl\/sivm\/","name":"Scuola Italiana","description":"Vittorio Montiglio","publisher":{"@id":"https:\/\/www.scuola.cl\/sivm\/#organization"},"potentialAction":[{"@type":"SearchAction","target":{"@type":"EntryPoint","urlTemplate":"https:\/\/www.scuola.cl\/sivm\/?s={search_term_string}"},"query-input":{"@type":"PropertyValueSpecification","valueRequired":true,"valueName":"search_term_string"}}],"inLanguage":"es"},{"@type":"Organization","@id":"https:\/\/www.scuola.cl\/sivm\/#organization","name":"Scuola Italiana Vittorio Montiglio","url":"https:\/\/www.scuola.cl\/sivm\/","logo":{"@type":"ImageObject","inLanguage":"es","@id":"https:\/\/www.scuola.cl\/sivm\/#\/schema\/logo\/image\/","url":"https:\/\/www.scuola.cl\/sivm\/wp-content\/uploads\/2019\/06\/Logo_Scuola-01-001-1000x1000.png","contentUrl":"https:\/\/www.scuola.cl\/sivm\/wp-content\/uploads\/2019\/06\/Logo_Scuola-01-001-1000x1000.png","width":1000,"height":1000,"caption":"Scuola Italiana Vittorio Montiglio"},"image":{"@id":"https:\/\/www.scuola.cl\/sivm\/#\/schema\/logo\/image\/"}}]}},"_links":{"self":[{"href":"https:\/\/www.scuola.cl\/sivm\/wp-json\/wp\/v2\/pages\/9369","targetHints":{"allow":["GET"]}}],"collection":[{"href":"https:\/\/www.scuola.cl\/sivm\/wp-json\/wp\/v2\/pages"}],"about":[{"href":"https:\/\/www.scuola.cl\/sivm\/wp-json\/wp\/v2\/types\/page"}],"author":[{"embeddable":true,"href":"https:\/\/www.scuola.cl\/sivm\/wp-json\/wp\/v2\/users\/2"}],"replies":[{"embeddable":true,"href":"https:\/\/www.scuola.cl\/sivm\/wp-json\/wp\/v2\/comments?post=9369"}],"version-history":[{"count":65,"href":"https:\/\/www.scuola.cl\/sivm\/wp-json\/wp\/v2\/pages\/9369\/revisions"}],"predecessor-version":[{"id":32630,"href":"https:\/\/www.scuola.cl\/sivm\/wp-json\/wp\/v2\/pages\/9369\/revisions\/32630"}],"up":[{"embeddable":true,"href":"https:\/\/www.scuola.cl\/sivm\/wp-json\/wp\/v2\/pages\/180"}],"wp:attachment":[{"href":"https:\/\/www.scuola.cl\/sivm\/wp-json\/wp\/v2\/media?parent=9369"}],"curies":[{"name":"wp","href":"https:\/\/api.w.org\/{rel}","templated":true}]}}