{"id":92,"date":"2016-09-08T18:19:19","date_gmt":"2016-09-08T18:19:19","guid":{"rendered":"http:\/\/www.scuola.cl\/sivm\/?page_id=92"},"modified":"2025-11-24T11:51:16","modified_gmt":"2025-11-24T14:51:16","slug":"proyecto-educativo-institucional","status":"publish","type":"page","link":"https:\/\/www.scuola.cl\/sivm\/scuola\/proyecto-educativo-institucional\/","title":{"rendered":"Proyecto Educativo Institucional"},"content":{"rendered":"<p style=\"text-align: justify;\">El Proyecto Educativo Institucional, es el documento que contiene los principios que orientar\u00e1n los objetivos educativos y apoyar\u00e1n el desarrollo personal y social de los estudiantes, dando inicio al desarrollo del perfil de personas que ser\u00e1n capaces de desenvolverse en una sociedad globalizada, de respetar la diversidad y de ser plenamente conscientes de s\u00ed mismas y de su entorno. Este instrumento se\u00f1ala qui\u00e9nes lo realizar\u00e1n, c\u00f3mo se deber\u00e1n organizar para cumplir con la misi\u00f3n y los elementos necesarios para lograr una gesti\u00f3n educativa eficaz, la cual debe darse en un ambiente apropiado de convivencia interna y de participaci\u00f3n de todos los actores de la Comunidad Escolar. En un mundo de constantes cambios y de avances cient\u00edficos y tecnol\u00f3gicos que nos obligan a adaptarnos a una sociedad cada d\u00eda m\u00e1s compleja, y en el \u00e1mbito de la nueva etapa que vive nuestra Instituci\u00f3n, hemos trazado un Plan de Trabajo que nos permitir\u00e1 alcanzar los objetivos necesarios para \u201ceducar ciudadanos del mundo\u201d. El primero de ellos es la actualizaci\u00f3n de nuestro Proyecto Educativo Institucional, que ser\u00e1 la columna vertebral de todos los dem\u00e1s.<\/p>\n<p style=\"text-align: justify;\">En la actualizaci\u00f3n del Proyecto participaron todas las instancias de nuestra Comunidad Escolar: consejeros, directivos, docentes, funcionarios no docentes, padres y apoderados, alumnos, conformando grupos de trabajo, reuniones t\u00e9cnicas, consultas formales, conversaciones, etc. Como una forma de articular los intereses educativos de la comunidad con las orientaciones y las nuevas exigencias sociales, haremos revisiones y actualizaciones peri\u00f3dicas de los contenidos de este instrumento, incorporando aquellos aspectos que en forma sustantiva aporten a mejorar la calidad de la educaci\u00f3n que entregamos. Invitamos a toda la Comunidad a formar parte activa de este Proyecto, transmiti\u00e9ndolo en las acciones y en las tareas educativas que emprendamos, haci\u00e9ndolo un referente constante para orientar las pr\u00e1cticas pedag\u00f3gicas y la formaci\u00f3n de nuestros alumnos.<\/p>\n<p style=\"text-align: center;\">Atentamente,<\/p>\n<p style=\"text-align: center;\"><strong>Patricia Ferralis<\/strong><br \/>Consiglio Direttivo (2016)<\/p>\n<p style=\"text-align: center;\"><span style=\"font-size: 14pt; color: #3366ff;\"><a style=\"color: #3366ff;\" href=\"http:\/\/www.scuola.cl\/sivm\/wp-content\/uploads\/2016\/09\/Pei-Scuola.pdf\" target=\"_blank\" rel=\"noopener\">Descargar Proyecto Educativo (PDF)<\/a><\/span><\/p>\n<p style=\"text-align: center;\"><span style=\"font-size: 14pt; color: #3366ff;\"><a style=\"color: #3366ff;\" href=\"http:\/\/intranet.scuola.cl\/docs_online\/pei\/\" target=\"_blank\" rel=\"noopener\">Ver Proyecto Educativo (Online)<\/a><\/span><\/p>\n<hr \/>\n<p style=\"text-align: center;\">\u00a0<\/p>\n\n\n<p><strong>PROGETTO EDUCATIVO ISTITUZIONALE<\/strong><\/p>\n\n\n\n<p>Il Progetto Educativo Istituzionale, \u00e8 il documento che contiene i principi che orientano gli obiettivi educativi e sosterranno lo sviluppo personale e sociale degli studenti, dando inizio allo sviluppo del profilo di persone che saranno in grado di affrontare una societ\u00e0 globalizzata, di rispettare la diversit\u00e0 e di essere pienamente consapevoli di se stessi e del loro ambiente. Questo strumento indica chi lo realizzer\u00e0, come dovranno essere organizzati per adempiere alla missione e gli elementi necessari per ottenere una gestione educativa efficace, che deve avvenire in un ambiente adeguato di convivenza interna e di partecipazione di tutti gli attori della Comunit\u00e0 Scolastica. In un mondo di cambiamenti costanti e di progressi scientifici e tecnologici che ci obbligano ad adattarci a una societ\u00e0 sempre pi\u00f9 complessa, e nell&#8217;ambito della nuova tappa che vive la nostra istituzione, Abbiamo tracciato un Piano di Lavoro che ci permetter\u00e0 di raggiungere gli obiettivi necessari per \u00abeducare i cittadini del mondo\u00bb. Il primo di questi \u00e8 l&#8217;aggiornamento del nostro progetto educativo istituzionale, che sar\u00e0 la spina dorsale di tutti gli altri.<\/p>\n\n\n\n<p>Nell&#8217;aggiornamento del Progetto hanno partecipato tutti gli organi della nostra Comunit\u00e0 Scolastica: consiglieri, dirigenti, insegnanti, funzionari non educativi, genitori e delegati, alunni, formando gruppi di lavoro, riunioni tecniche, consultazioni formali, conversazioni, ecc. Come un modo per articolare gli interessi educativi della comunit\u00e0 con gli orientamenti e le nuove esigenze sociali, faremo revisioni e aggiornamenti periodici dei contenuti di questo strumento, incorporando quegli aspetti che in forma sostanziale contribuiscono a migliorare la qualit\u00e0 dell&#8217;educazione che forniamo. Invitiamo tutta la Comunit\u00e0 a partecipare attivamente a questo progetto, trasmettendo nelle azioni e nei compiti educativi che intraprendiamo, rendendolo un punto di riferimento costante per orientare le pratiche pedagogiche e la formazione dei nostri studenti.<\/p>\n\n\n\n<p class=\"has-text-align-center\">Distinti saluti,<br>Patricia Ferralis<br>(Consiglio Direttivo 2016)<\/p>\n\n\n\n<p class=\"has-text-align-center\"><a href=\"https:\/\/www.scuola.cl\/sivm\/wp-content\/uploads\/2025\/11\/PEI-ITALIANO.pdf\" target=\"_blank\" rel=\"noreferrer noopener\">Scaricare il Progetto Educativo (PDF)<\/a><br><\/p>\n","protected":false},"excerpt":{"rendered":"El Proyecto Educativo Institucional, es el documento que contiene los principios que orientar\u00e1n los objetivos educativos y apoyar\u00e1n el desarrollo personal y social de los estudiantes, dando inicio al desarrollo del perfil de personas que ser\u00e1n capaces de desenvolverse en una sociedad globalizada, de respetar la diversidad y de ser plenamente conscientes de s\u00ed mismas&#8230; <a class=\"view-article\" href=\"https:\/\/www.scuola.cl\/sivm\/scuola\/proyecto-educativo-institucional\/\">Ver art\u00edculo<\/a>","protected":false},"author":1,"featured_media":0,"parent":293,"menu_order":0,"comment_status":"closed","ping_status":"closed","template":"carta.php","meta":{"_acf_changed":false,"footnotes":""},"class_list":["post-92","page","type-page","status-publish","hentry"],"acf":[],"yoast_head":"<!-- This site is optimized with the Yoast SEO plugin v27.1.1 - https:\/\/yoast.com\/product\/yoast-seo-wordpress\/ -->\n<title>Proyecto Educativo Institucional - Scuola Italiana<\/title>\n<meta name=\"robots\" content=\"index, follow, max-snippet:-1, max-image-preview:large, max-video-preview:-1\" \/>\n<link rel=\"canonical\" href=\"https:\/\/www.scuola.cl\/sivm\/scuola\/proyecto-educativo-institucional\/\" \/>\n<meta property=\"og:locale\" content=\"es_ES\" \/>\n<meta property=\"og:type\" content=\"article\" \/>\n<meta property=\"og:title\" content=\"Proyecto Educativo Institucional - Scuola Italiana\" \/>\n<meta property=\"og:description\" content=\"El Proyecto Educativo Institucional, es el documento que contiene los principios que orientar\u00e1n los objetivos educativos y apoyar\u00e1n el desarrollo personal y social de los estudiantes, dando inicio al desarrollo del perfil de personas que ser\u00e1n capaces de desenvolverse en una sociedad globalizada, de respetar la diversidad y de ser plenamente conscientes de s\u00ed mismas... Ver art\u00edculo\" \/>\n<meta property=\"og:url\" content=\"https:\/\/www.scuola.cl\/sivm\/scuola\/proyecto-educativo-institucional\/\" \/>\n<meta property=\"og:site_name\" content=\"Scuola Italiana\" \/>\n<meta property=\"article:modified_time\" content=\"2025-11-24T14:51:16+00:00\" \/>\n<meta name=\"twitter:card\" content=\"summary_large_image\" \/>\n<meta name=\"twitter:label1\" content=\"Tiempo de lectura\" \/>\n\t<meta name=\"twitter:data1\" content=\"3 minutos\" \/>\n<script type=\"application\/ld+json\" class=\"yoast-schema-graph\">{\"@context\":\"https:\/\/schema.org\",\"@graph\":[{\"@type\":\"WebPage\",\"@id\":\"https:\/\/www.scuola.cl\/sivm\/scuola\/proyecto-educativo-institucional\/\",\"url\":\"https:\/\/www.scuola.cl\/sivm\/scuola\/proyecto-educativo-institucional\/\",\"name\":\"Proyecto Educativo Institucional - Scuola Italiana\",\"isPartOf\":{\"@id\":\"https:\/\/www.scuola.cl\/sivm\/#website\"},\"datePublished\":\"2016-09-08T18:19:19+00:00\",\"dateModified\":\"2025-11-24T14:51:16+00:00\",\"breadcrumb\":{\"@id\":\"https:\/\/www.scuola.cl\/sivm\/scuola\/proyecto-educativo-institucional\/#breadcrumb\"},\"inLanguage\":\"es\",\"potentialAction\":[{\"@type\":\"ReadAction\",\"target\":[\"https:\/\/www.scuola.cl\/sivm\/scuola\/proyecto-educativo-institucional\/\"]}]},{\"@type\":\"BreadcrumbList\",\"@id\":\"https:\/\/www.scuola.cl\/sivm\/scuola\/proyecto-educativo-institucional\/#breadcrumb\",\"itemListElement\":[{\"@type\":\"ListItem\",\"position\":1,\"name\":\"Inicio\",\"item\":\"https:\/\/www.scuola.cl\/sivm\/\"},{\"@type\":\"ListItem\",\"position\":2,\"name\":\"SCUOLA\",\"item\":\"https:\/\/www.scuola.cl\/sivm\/scuola\/\"},{\"@type\":\"ListItem\",\"position\":3,\"name\":\"Proyecto Educativo Institucional\"}]},{\"@type\":\"WebSite\",\"@id\":\"https:\/\/www.scuola.cl\/sivm\/#website\",\"url\":\"https:\/\/www.scuola.cl\/sivm\/\",\"name\":\"Scuola Italiana\",\"description\":\"Vittorio Montiglio\",\"publisher\":{\"@id\":\"https:\/\/www.scuola.cl\/sivm\/#organization\"},\"potentialAction\":[{\"@type\":\"SearchAction\",\"target\":{\"@type\":\"EntryPoint\",\"urlTemplate\":\"https:\/\/www.scuola.cl\/sivm\/?s={search_term_string}\"},\"query-input\":{\"@type\":\"PropertyValueSpecification\",\"valueRequired\":true,\"valueName\":\"search_term_string\"}}],\"inLanguage\":\"es\"},{\"@type\":\"Organization\",\"@id\":\"https:\/\/www.scuola.cl\/sivm\/#organization\",\"name\":\"Scuola Italiana Vittorio Montiglio\",\"url\":\"https:\/\/www.scuola.cl\/sivm\/\",\"logo\":{\"@type\":\"ImageObject\",\"inLanguage\":\"es\",\"@id\":\"https:\/\/www.scuola.cl\/sivm\/#\/schema\/logo\/image\/\",\"url\":\"https:\/\/www.scuola.cl\/sivm\/wp-content\/uploads\/2019\/06\/Logo_Scuola-01-001-1000x1000.png\",\"contentUrl\":\"https:\/\/www.scuola.cl\/sivm\/wp-content\/uploads\/2019\/06\/Logo_Scuola-01-001-1000x1000.png\",\"width\":1000,\"height\":1000,\"caption\":\"Scuola Italiana Vittorio Montiglio\"},\"image\":{\"@id\":\"https:\/\/www.scuola.cl\/sivm\/#\/schema\/logo\/image\/\"}}]}<\/script>\n<!-- \/ Yoast SEO plugin. -->","yoast_head_json":{"title":"Proyecto Educativo Institucional - Scuola Italiana","robots":{"index":"index","follow":"follow","max-snippet":"max-snippet:-1","max-image-preview":"max-image-preview:large","max-video-preview":"max-video-preview:-1"},"canonical":"https:\/\/www.scuola.cl\/sivm\/scuola\/proyecto-educativo-institucional\/","og_locale":"es_ES","og_type":"article","og_title":"Proyecto Educativo Institucional - Scuola Italiana","og_description":"El Proyecto Educativo Institucional, es el documento que contiene los principios que orientar\u00e1n los objetivos educativos y apoyar\u00e1n el desarrollo personal y social de los estudiantes, dando inicio al desarrollo del perfil de personas que ser\u00e1n capaces de desenvolverse en una sociedad globalizada, de respetar la diversidad y de ser plenamente conscientes de s\u00ed mismas... Ver art\u00edculo","og_url":"https:\/\/www.scuola.cl\/sivm\/scuola\/proyecto-educativo-institucional\/","og_site_name":"Scuola Italiana","article_modified_time":"2025-11-24T14:51:16+00:00","twitter_card":"summary_large_image","twitter_misc":{"Tiempo de lectura":"3 minutos"},"schema":{"@context":"https:\/\/schema.org","@graph":[{"@type":"WebPage","@id":"https:\/\/www.scuola.cl\/sivm\/scuola\/proyecto-educativo-institucional\/","url":"https:\/\/www.scuola.cl\/sivm\/scuola\/proyecto-educativo-institucional\/","name":"Proyecto Educativo Institucional - Scuola Italiana","isPartOf":{"@id":"https:\/\/www.scuola.cl\/sivm\/#website"},"datePublished":"2016-09-08T18:19:19+00:00","dateModified":"2025-11-24T14:51:16+00:00","breadcrumb":{"@id":"https:\/\/www.scuola.cl\/sivm\/scuola\/proyecto-educativo-institucional\/#breadcrumb"},"inLanguage":"es","potentialAction":[{"@type":"ReadAction","target":["https:\/\/www.scuola.cl\/sivm\/scuola\/proyecto-educativo-institucional\/"]}]},{"@type":"BreadcrumbList","@id":"https:\/\/www.scuola.cl\/sivm\/scuola\/proyecto-educativo-institucional\/#breadcrumb","itemListElement":[{"@type":"ListItem","position":1,"name":"Inicio","item":"https:\/\/www.scuola.cl\/sivm\/"},{"@type":"ListItem","position":2,"name":"SCUOLA","item":"https:\/\/www.scuola.cl\/sivm\/scuola\/"},{"@type":"ListItem","position":3,"name":"Proyecto Educativo Institucional"}]},{"@type":"WebSite","@id":"https:\/\/www.scuola.cl\/sivm\/#website","url":"https:\/\/www.scuola.cl\/sivm\/","name":"Scuola Italiana","description":"Vittorio Montiglio","publisher":{"@id":"https:\/\/www.scuola.cl\/sivm\/#organization"},"potentialAction":[{"@type":"SearchAction","target":{"@type":"EntryPoint","urlTemplate":"https:\/\/www.scuola.cl\/sivm\/?s={search_term_string}"},"query-input":{"@type":"PropertyValueSpecification","valueRequired":true,"valueName":"search_term_string"}}],"inLanguage":"es"},{"@type":"Organization","@id":"https:\/\/www.scuola.cl\/sivm\/#organization","name":"Scuola Italiana Vittorio Montiglio","url":"https:\/\/www.scuola.cl\/sivm\/","logo":{"@type":"ImageObject","inLanguage":"es","@id":"https:\/\/www.scuola.cl\/sivm\/#\/schema\/logo\/image\/","url":"https:\/\/www.scuola.cl\/sivm\/wp-content\/uploads\/2019\/06\/Logo_Scuola-01-001-1000x1000.png","contentUrl":"https:\/\/www.scuola.cl\/sivm\/wp-content\/uploads\/2019\/06\/Logo_Scuola-01-001-1000x1000.png","width":1000,"height":1000,"caption":"Scuola Italiana Vittorio Montiglio"},"image":{"@id":"https:\/\/www.scuola.cl\/sivm\/#\/schema\/logo\/image\/"}}]}},"_links":{"self":[{"href":"https:\/\/www.scuola.cl\/sivm\/wp-json\/wp\/v2\/pages\/92","targetHints":{"allow":["GET"]}}],"collection":[{"href":"https:\/\/www.scuola.cl\/sivm\/wp-json\/wp\/v2\/pages"}],"about":[{"href":"https:\/\/www.scuola.cl\/sivm\/wp-json\/wp\/v2\/types\/page"}],"author":[{"embeddable":true,"href":"https:\/\/www.scuola.cl\/sivm\/wp-json\/wp\/v2\/users\/1"}],"replies":[{"embeddable":true,"href":"https:\/\/www.scuola.cl\/sivm\/wp-json\/wp\/v2\/comments?post=92"}],"version-history":[{"count":22,"href":"https:\/\/www.scuola.cl\/sivm\/wp-json\/wp\/v2\/pages\/92\/revisions"}],"predecessor-version":[{"id":31852,"href":"https:\/\/www.scuola.cl\/sivm\/wp-json\/wp\/v2\/pages\/92\/revisions\/31852"}],"up":[{"embeddable":true,"href":"https:\/\/www.scuola.cl\/sivm\/wp-json\/wp\/v2\/pages\/293"}],"wp:attachment":[{"href":"https:\/\/www.scuola.cl\/sivm\/wp-json\/wp\/v2\/media?parent=92"}],"curies":[{"name":"wp","href":"https:\/\/api.w.org\/{rel}","templated":true}]}}