{"id":30952,"date":"2025-09-29T12:04:48","date_gmt":"2025-09-29T15:04:48","guid":{"rendered":"https:\/\/www.scuola.cl\/sivm\/?page_id=30952"},"modified":"2025-09-30T11:55:15","modified_gmt":"2025-09-30T14:55:15","slug":"viaggi-e-scambi","status":"publish","type":"page","link":"https:\/\/www.scuola.cl\/sivm\/alumnos\/viaggi-e-scambi\/","title":{"rendered":"VIAGGI E SCAMBI"},"content":{"rendered":"<p><em>(Por Claudia Costoya, coordinadora DVEI)<\/em><\/p>\n<p><span style=\"text-decoration: underline;\"><strong>Scambio Liceo Euclide di Cagliari in Cile 2025<\/strong><\/span><\/p>\n<p>Dal 3 al 17 settembre, 18 studenti del Liceo Euclide di Cagliari hanno trascorso 2 settimane alla nostra Scuola: hanno frequentato le lezioni e partecipato alle attivit\u00e0 programmate, e anche condividendo tanti momenti di vita quotidiana con le famiglie ospitanti. Ogni giornata \u00e8 stata vissuta intensamente, scandita dai ritmi scolastici e arricchita da visite culturali e eventi sociali. Le giornate avevano inizio con l\u2019arrivo a Scuola, entro le ore 8:00, ma oltre alle lezioni in aula gli studenti Cagliaritani hanno partecipato alla visita guidata al centro storico di Santiago, al Museo della Memoria e dei Diritti Umani, alla Casa di Riposo Hogar Italiano, all\u2019Universidad del Desarrollo, all\u2019Osservatorio Astronomico UC di Santa Martina. E hanno trascorso un\u2019intera giornata con gli studenti ospitanti a Valpara\u00edso.<br \/>Non sono poi mancati i momenti in cui gli studenti sono stati veri ambasciatori della cultura sarda con la presentazione dei lavori di gruppo effettuata presso il Teatro Verdi alle II medie e con un graditissimo evento di presentazione e degustazione delle tante bont\u00e0 trasportate dalla Sardegna .<br \/>Lo scambio conferma il valore dell\u2019esperienza quale opportunit\u00e0 di conoscenza e di condivisione di saperi, idee e valori tra l\u2019Italia e il Cile che si consolider\u00e0, ulteriormente, nel mese di febbraio 2026 con l\u2019arrivo degli studenti della nostra Scuola a Cagliari. <br \/>L\u2019 esperienza formativa continua\u2026.<\/p>\n<p><a href=\"https:\/\/drive.google.com\/drive\/folders\/1U1l3GwPuHlmeCH7wPMWD2AwESluuveII?usp=sharing\" target=\"_blank\" rel=\"noopener\">Vedi le foto<\/a><\/p>\n<p><img loading=\"lazy\" decoding=\"async\" width=\"661\" height=\"457\" class=\"alignnone size-full wp-image-30954\" src=\"https:\/\/www.scuola.cl\/sivm\/wp-content\/uploads\/2025\/09\/Cagliari-web.png\" alt=\"\" srcset=\"https:\/\/www.scuola.cl\/sivm\/wp-content\/uploads\/2025\/09\/Cagliari-web.png 661w, https:\/\/www.scuola.cl\/sivm\/wp-content\/uploads\/2025\/09\/Cagliari-web-250x173.png 250w, https:\/\/www.scuola.cl\/sivm\/wp-content\/uploads\/2025\/09\/Cagliari-web-120x83.png 120w\" sizes=\"auto, (max-width: 661px) 100vw, 661px\" \/><\/p>\n<p><span style=\"text-decoration: underline;\"><strong>Scambio Liceo di Verona a Scuola 2025<\/strong><\/span><\/p>\n<p>A inicios del mes de septiembre, recibimos en la Scuola a un grupo de alumnos del Liceo Calabrese Levi di San Pietro in Cariano di Verona. Estos alumnos hab\u00edan acogido en febrero de 2025 a 8 alumnos de la Scuola en sus casas y colegio. Fue un grupo de estudiantes maravilloso \u00e1vidos de conocer de nuestra cultura y costumbres, para lo cual programamos una serie de actividades dentro y fuera del Colegio, entre las que destacan Visitas a la Scuola dell Infanzia, Clases de Cueca a cargo de la profesora Claudia Cornejo, una hermosa jornada en Valpara\u00edso junto a sus hermanos chilenos, visita al Hogar Italiano para compartir con los Nonnos, entre muchas otras.<br \/>M\u00e1s que describir lo que hicimos en conjunto, queremos mostrarles una reflexi\u00f3n de Sof\u00eda Mastrodonato, una alumna de Verona y de lo que signific\u00f3 su experiencia del Intercambio junto a su partner chilena, y tambi\u00e9n algunas fotos que reflejan la experiencia vivida y de lo maravilloso que puede ser para nuestros alumnos vivir un intercambio.<\/p>\n<p><a href=\"https:\/\/drive.google.com\/file\/d\/1SUSZVwtn8dymSXfKsb1pF_aEQEjNgBlR\/view?usp=sharing\" target=\"_blank\" rel=\"noopener\">Ver carta Sof\u00eda Mastrodonato aqu\u00ed<\/a><br \/><a href=\"https:\/\/drive.google.com\/drive\/folders\/1qbx9GFSiyFamo8utzsH3BwS2qZ1AjhYh?usp=sharing\" target=\"_blank\" rel=\"noopener\">Ver fotos<\/a><\/p>\n<p><img loading=\"lazy\" decoding=\"async\" width=\"700\" height=\"366\" class=\"alignnone size-large wp-image-30956\" src=\"https:\/\/www.scuola.cl\/sivm\/wp-content\/uploads\/2025\/09\/Verona-web-700x366.png\" alt=\"\" srcset=\"https:\/\/www.scuola.cl\/sivm\/wp-content\/uploads\/2025\/09\/Verona-web-700x366.png 700w, https:\/\/www.scuola.cl\/sivm\/wp-content\/uploads\/2025\/09\/Verona-web-250x131.png 250w, https:\/\/www.scuola.cl\/sivm\/wp-content\/uploads\/2025\/09\/Verona-web-768x402.png 768w, https:\/\/www.scuola.cl\/sivm\/wp-content\/uploads\/2025\/09\/Verona-web-120x63.png 120w, https:\/\/www.scuola.cl\/sivm\/wp-content\/uploads\/2025\/09\/Verona-web.png 1118w\" sizes=\"auto, (max-width: 700px) 100vw, 700px\" \/><\/p>\n\n","protected":false},"excerpt":{"rendered":"(Por Claudia Costoya, coordinadora DVEI) Scambio Liceo Euclide di Cagliari in Cile 2025 Dal 3 al 17 settembre, 18 studenti del Liceo Euclide di Cagliari hanno trascorso 2 settimane alla nostra Scuola: hanno frequentato le lezioni e partecipato alle attivit\u00e0 programmate, e anche condividendo tanti momenti di vita quotidiana con le famiglie ospitanti. Ogni giornata&#8230; <a class=\"view-article\" href=\"https:\/\/www.scuola.cl\/sivm\/alumnos\/viaggi-e-scambi\/\">Ver art\u00edculo<\/a>","protected":false},"author":2,"featured_media":0,"parent":38,"menu_order":0,"comment_status":"closed","ping_status":"closed","template":"alumnos.php","meta":{"_acf_changed":false,"footnotes":""},"class_list":["post-30952","page","type-page","status-publish","hentry"],"acf":[],"yoast_head":"<!-- This site is optimized with the Yoast SEO plugin v27.1.1 - https:\/\/yoast.com\/product\/yoast-seo-wordpress\/ -->\n<title>VIAGGI E SCAMBI - Scuola Italiana<\/title>\n<meta name=\"robots\" content=\"index, follow, max-snippet:-1, max-image-preview:large, max-video-preview:-1\" \/>\n<link rel=\"canonical\" href=\"https:\/\/www.scuola.cl\/sivm\/alumnos\/viaggi-e-scambi\/\" \/>\n<meta property=\"og:locale\" content=\"es_ES\" \/>\n<meta property=\"og:type\" content=\"article\" \/>\n<meta property=\"og:title\" content=\"VIAGGI E SCAMBI - Scuola Italiana\" \/>\n<meta property=\"og:description\" content=\"(Por Claudia Costoya, coordinadora DVEI) Scambio Liceo Euclide di Cagliari in Cile 2025 Dal 3 al 17 settembre, 18 studenti del Liceo Euclide di Cagliari hanno trascorso 2 settimane alla nostra Scuola: hanno frequentato le lezioni e partecipato alle attivit\u00e0 programmate, e anche condividendo tanti momenti di vita quotidiana con le famiglie ospitanti. Ogni giornata... Ver art\u00edculo\" \/>\n<meta property=\"og:url\" content=\"https:\/\/www.scuola.cl\/sivm\/alumnos\/viaggi-e-scambi\/\" \/>\n<meta property=\"og:site_name\" content=\"Scuola Italiana\" \/>\n<meta property=\"article:modified_time\" content=\"2025-09-30T14:55:15+00:00\" \/>\n<meta property=\"og:image\" content=\"https:\/\/www.scuola.cl\/sivm\/wp-content\/uploads\/2025\/09\/Cagliari-web.png\" \/>\n\t<meta property=\"og:image:width\" content=\"661\" \/>\n\t<meta property=\"og:image:height\" content=\"457\" \/>\n\t<meta property=\"og:image:type\" content=\"image\/png\" \/>\n<meta name=\"twitter:card\" content=\"summary_large_image\" \/>\n<meta name=\"twitter:label1\" content=\"Tiempo de lectura\" \/>\n\t<meta name=\"twitter:data1\" content=\"3 minutos\" \/>\n<script type=\"application\/ld+json\" class=\"yoast-schema-graph\">{\"@context\":\"https:\/\/schema.org\",\"@graph\":[{\"@type\":\"WebPage\",\"@id\":\"https:\/\/www.scuola.cl\/sivm\/alumnos\/viaggi-e-scambi\/\",\"url\":\"https:\/\/www.scuola.cl\/sivm\/alumnos\/viaggi-e-scambi\/\",\"name\":\"VIAGGI E SCAMBI - Scuola Italiana\",\"isPartOf\":{\"@id\":\"https:\/\/www.scuola.cl\/sivm\/#website\"},\"primaryImageOfPage\":{\"@id\":\"https:\/\/www.scuola.cl\/sivm\/alumnos\/viaggi-e-scambi\/#primaryimage\"},\"image\":{\"@id\":\"https:\/\/www.scuola.cl\/sivm\/alumnos\/viaggi-e-scambi\/#primaryimage\"},\"thumbnailUrl\":\"https:\/\/www.scuola.cl\/sivm\/wp-content\/uploads\/2025\/09\/Cagliari-web.png\",\"datePublished\":\"2025-09-29T15:04:48+00:00\",\"dateModified\":\"2025-09-30T14:55:15+00:00\",\"breadcrumb\":{\"@id\":\"https:\/\/www.scuola.cl\/sivm\/alumnos\/viaggi-e-scambi\/#breadcrumb\"},\"inLanguage\":\"es\",\"potentialAction\":[{\"@type\":\"ReadAction\",\"target\":[\"https:\/\/www.scuola.cl\/sivm\/alumnos\/viaggi-e-scambi\/\"]}]},{\"@type\":\"ImageObject\",\"inLanguage\":\"es\",\"@id\":\"https:\/\/www.scuola.cl\/sivm\/alumnos\/viaggi-e-scambi\/#primaryimage\",\"url\":\"https:\/\/www.scuola.cl\/sivm\/wp-content\/uploads\/2025\/09\/Cagliari-web.png\",\"contentUrl\":\"https:\/\/www.scuola.cl\/sivm\/wp-content\/uploads\/2025\/09\/Cagliari-web.png\",\"width\":661,\"height\":457},{\"@type\":\"BreadcrumbList\",\"@id\":\"https:\/\/www.scuola.cl\/sivm\/alumnos\/viaggi-e-scambi\/#breadcrumb\",\"itemListElement\":[{\"@type\":\"ListItem\",\"position\":1,\"name\":\"Inicio\",\"item\":\"https:\/\/www.scuola.cl\/sivm\/\"},{\"@type\":\"ListItem\",\"position\":2,\"name\":\"ALUMNOS\",\"item\":\"https:\/\/www.scuola.cl\/sivm\/alumnos\/\"},{\"@type\":\"ListItem\",\"position\":3,\"name\":\"VIAGGI E SCAMBI\"}]},{\"@type\":\"WebSite\",\"@id\":\"https:\/\/www.scuola.cl\/sivm\/#website\",\"url\":\"https:\/\/www.scuola.cl\/sivm\/\",\"name\":\"Scuola Italiana\",\"description\":\"Vittorio Montiglio\",\"publisher\":{\"@id\":\"https:\/\/www.scuola.cl\/sivm\/#organization\"},\"potentialAction\":[{\"@type\":\"SearchAction\",\"target\":{\"@type\":\"EntryPoint\",\"urlTemplate\":\"https:\/\/www.scuola.cl\/sivm\/?s={search_term_string}\"},\"query-input\":{\"@type\":\"PropertyValueSpecification\",\"valueRequired\":true,\"valueName\":\"search_term_string\"}}],\"inLanguage\":\"es\"},{\"@type\":\"Organization\",\"@id\":\"https:\/\/www.scuola.cl\/sivm\/#organization\",\"name\":\"Scuola Italiana Vittorio Montiglio\",\"url\":\"https:\/\/www.scuola.cl\/sivm\/\",\"logo\":{\"@type\":\"ImageObject\",\"inLanguage\":\"es\",\"@id\":\"https:\/\/www.scuola.cl\/sivm\/#\/schema\/logo\/image\/\",\"url\":\"https:\/\/www.scuola.cl\/sivm\/wp-content\/uploads\/2019\/06\/Logo_Scuola-01-001-1000x1000.png\",\"contentUrl\":\"https:\/\/www.scuola.cl\/sivm\/wp-content\/uploads\/2019\/06\/Logo_Scuola-01-001-1000x1000.png\",\"width\":1000,\"height\":1000,\"caption\":\"Scuola Italiana Vittorio Montiglio\"},\"image\":{\"@id\":\"https:\/\/www.scuola.cl\/sivm\/#\/schema\/logo\/image\/\"}}]}<\/script>\n<!-- \/ Yoast SEO plugin. -->","yoast_head_json":{"title":"VIAGGI E SCAMBI - Scuola Italiana","robots":{"index":"index","follow":"follow","max-snippet":"max-snippet:-1","max-image-preview":"max-image-preview:large","max-video-preview":"max-video-preview:-1"},"canonical":"https:\/\/www.scuola.cl\/sivm\/alumnos\/viaggi-e-scambi\/","og_locale":"es_ES","og_type":"article","og_title":"VIAGGI E SCAMBI - Scuola Italiana","og_description":"(Por Claudia Costoya, coordinadora DVEI) Scambio Liceo Euclide di Cagliari in Cile 2025 Dal 3 al 17 settembre, 18 studenti del Liceo Euclide di Cagliari hanno trascorso 2 settimane alla nostra Scuola: hanno frequentato le lezioni e partecipato alle attivit\u00e0 programmate, e anche condividendo tanti momenti di vita quotidiana con le famiglie ospitanti. Ogni giornata... Ver art\u00edculo","og_url":"https:\/\/www.scuola.cl\/sivm\/alumnos\/viaggi-e-scambi\/","og_site_name":"Scuola Italiana","article_modified_time":"2025-09-30T14:55:15+00:00","og_image":[{"width":661,"height":457,"url":"https:\/\/www.scuola.cl\/sivm\/wp-content\/uploads\/2025\/09\/Cagliari-web.png","type":"image\/png"}],"twitter_card":"summary_large_image","twitter_misc":{"Tiempo de lectura":"3 minutos"},"schema":{"@context":"https:\/\/schema.org","@graph":[{"@type":"WebPage","@id":"https:\/\/www.scuola.cl\/sivm\/alumnos\/viaggi-e-scambi\/","url":"https:\/\/www.scuola.cl\/sivm\/alumnos\/viaggi-e-scambi\/","name":"VIAGGI E SCAMBI - Scuola Italiana","isPartOf":{"@id":"https:\/\/www.scuola.cl\/sivm\/#website"},"primaryImageOfPage":{"@id":"https:\/\/www.scuola.cl\/sivm\/alumnos\/viaggi-e-scambi\/#primaryimage"},"image":{"@id":"https:\/\/www.scuola.cl\/sivm\/alumnos\/viaggi-e-scambi\/#primaryimage"},"thumbnailUrl":"https:\/\/www.scuola.cl\/sivm\/wp-content\/uploads\/2025\/09\/Cagliari-web.png","datePublished":"2025-09-29T15:04:48+00:00","dateModified":"2025-09-30T14:55:15+00:00","breadcrumb":{"@id":"https:\/\/www.scuola.cl\/sivm\/alumnos\/viaggi-e-scambi\/#breadcrumb"},"inLanguage":"es","potentialAction":[{"@type":"ReadAction","target":["https:\/\/www.scuola.cl\/sivm\/alumnos\/viaggi-e-scambi\/"]}]},{"@type":"ImageObject","inLanguage":"es","@id":"https:\/\/www.scuola.cl\/sivm\/alumnos\/viaggi-e-scambi\/#primaryimage","url":"https:\/\/www.scuola.cl\/sivm\/wp-content\/uploads\/2025\/09\/Cagliari-web.png","contentUrl":"https:\/\/www.scuola.cl\/sivm\/wp-content\/uploads\/2025\/09\/Cagliari-web.png","width":661,"height":457},{"@type":"BreadcrumbList","@id":"https:\/\/www.scuola.cl\/sivm\/alumnos\/viaggi-e-scambi\/#breadcrumb","itemListElement":[{"@type":"ListItem","position":1,"name":"Inicio","item":"https:\/\/www.scuola.cl\/sivm\/"},{"@type":"ListItem","position":2,"name":"ALUMNOS","item":"https:\/\/www.scuola.cl\/sivm\/alumnos\/"},{"@type":"ListItem","position":3,"name":"VIAGGI E SCAMBI"}]},{"@type":"WebSite","@id":"https:\/\/www.scuola.cl\/sivm\/#website","url":"https:\/\/www.scuola.cl\/sivm\/","name":"Scuola Italiana","description":"Vittorio Montiglio","publisher":{"@id":"https:\/\/www.scuola.cl\/sivm\/#organization"},"potentialAction":[{"@type":"SearchAction","target":{"@type":"EntryPoint","urlTemplate":"https:\/\/www.scuola.cl\/sivm\/?s={search_term_string}"},"query-input":{"@type":"PropertyValueSpecification","valueRequired":true,"valueName":"search_term_string"}}],"inLanguage":"es"},{"@type":"Organization","@id":"https:\/\/www.scuola.cl\/sivm\/#organization","name":"Scuola Italiana Vittorio Montiglio","url":"https:\/\/www.scuola.cl\/sivm\/","logo":{"@type":"ImageObject","inLanguage":"es","@id":"https:\/\/www.scuola.cl\/sivm\/#\/schema\/logo\/image\/","url":"https:\/\/www.scuola.cl\/sivm\/wp-content\/uploads\/2019\/06\/Logo_Scuola-01-001-1000x1000.png","contentUrl":"https:\/\/www.scuola.cl\/sivm\/wp-content\/uploads\/2019\/06\/Logo_Scuola-01-001-1000x1000.png","width":1000,"height":1000,"caption":"Scuola Italiana Vittorio Montiglio"},"image":{"@id":"https:\/\/www.scuola.cl\/sivm\/#\/schema\/logo\/image\/"}}]}},"_links":{"self":[{"href":"https:\/\/www.scuola.cl\/sivm\/wp-json\/wp\/v2\/pages\/30952","targetHints":{"allow":["GET"]}}],"collection":[{"href":"https:\/\/www.scuola.cl\/sivm\/wp-json\/wp\/v2\/pages"}],"about":[{"href":"https:\/\/www.scuola.cl\/sivm\/wp-json\/wp\/v2\/types\/page"}],"author":[{"embeddable":true,"href":"https:\/\/www.scuola.cl\/sivm\/wp-json\/wp\/v2\/users\/2"}],"replies":[{"embeddable":true,"href":"https:\/\/www.scuola.cl\/sivm\/wp-json\/wp\/v2\/comments?post=30952"}],"version-history":[{"count":3,"href":"https:\/\/www.scuola.cl\/sivm\/wp-json\/wp\/v2\/pages\/30952\/revisions"}],"predecessor-version":[{"id":30999,"href":"https:\/\/www.scuola.cl\/sivm\/wp-json\/wp\/v2\/pages\/30952\/revisions\/30999"}],"up":[{"embeddable":true,"href":"https:\/\/www.scuola.cl\/sivm\/wp-json\/wp\/v2\/pages\/38"}],"wp:attachment":[{"href":"https:\/\/www.scuola.cl\/sivm\/wp-json\/wp\/v2\/media?parent=30952"}],"curies":[{"name":"wp","href":"https:\/\/api.w.org\/{rel}","templated":true}]}}