{"id":245,"date":"2016-09-14T08:42:40","date_gmt":"2016-09-14T08:42:40","guid":{"rendered":"http:\/\/www.scuola.cl\/sivm\/?page_id=245"},"modified":"2026-02-24T17:01:38","modified_gmt":"2026-02-24T20:01:38","slug":"carta-de-la-rectora","status":"publish","type":"page","link":"https:\/\/www.scuola.cl\/sivm\/scuola\/carta-de-la-rectora\/","title":{"rendered":"Carta de la Rectora"},"content":{"rendered":"<p>Cara Comunit\u00e0:<\/p>\n<p>A trav\u00e9s de estas palabras, quiero expresar mi m\u00e1s profundo agradecimiento a todas las familias y a quienes forman parte de nuestra querida comunidad.<\/p>\n<p>Una comunidad que naci\u00f3 hace 135 a\u00f1os, fruto del esfuerzo, la tenacidad y el compromiso de tantos italianos que so\u00f1aron con perpetuar su cultura a trav\u00e9s de esta instituci\u00f3n educativa.<\/p>\n<p>Nuestros valores tienen su ra\u00edz en ese legado, el que nos ha permitido fortalecer nuestros cimientos y construir, sobre ellos, un proyecto en constante evoluci\u00f3n, desafi\u00e1ndonos cada d\u00eda a mejorar, siempre en sinton\u00eda con las necesidades de un mundo globalizado y en permanente transformaci\u00f3n.<\/p>\n<p>En este contexto, seguiremos avanzando con el paso firme de una comunidad educativa comprometida y consciente de la enorme responsabilidad que implica la formaci\u00f3n de nuestros estudiantes. So\u00f1amos que se conviertan en \u00abCiudadanos del Mundo\u00bb: aut\u00f3nomos, responsables y perseverantes; capaces de trabajar en colaboraci\u00f3n con otros; creativos, reflexivos y cr\u00edticos; con una visi\u00f3n intercultural y pluralista que valore la diversidad. Queremos que sean agentes de cambio, capaces de construir una sociedad cada d\u00eda m\u00e1s justa, sostenible y comprometida con los desaf\u00edos del presente y del futuro.<\/p>\n<p>Deseamos que la honestidad, el compromiso, la solidaridad, la responsabilidad y el respeto sean valores que nuestros alumnos atesoren como parte de la experiencia vivida en su colegio, reflejados en sus familias y en cada uno de nosotros. Que los integren en su proceso de aprendizaje, en su vida cotidiana, en la manera en que aplican sus habilidades y conocimientos, en c\u00f3mo interpretan el mundo y c\u00f3mo proyectan su futuro en \u00e9l.<\/p>\n<p>Los invito a conocer nuestro <a href=\"https:\/\/www.scuola.cl\/sivm\/scuola\/proyecto-educativo-institucional\/\" target=\"_blank\" rel=\"noopener\">Proyecto Educativo<\/a> y a vivirlo plenamente.<\/p>\n<p style=\"text-align: center;\">Gabriela Chiuminatto<\/p>\n<p style=\"text-align: center;\">Rectora<\/p>\n<hr \/>\n<p>Cara Comunit\u00e0,<\/p>\n<p>Attraverso queste parole desidero esprimere la mia pi\u00f9 profonda gratitudine a tutte le famiglie e a coloro che fanno parte della nostra Comunit\u00e0.<\/p>\n<p>Una comunit\u00e0 nata 135 anni fa, frutto dell\u2019impegno, della tenacia e della dedizione di tanti italiani che hanno sognato di perpetuare la propria cultura attraverso questa istituzione educativa.<\/p>\n<p>I nostri valori affondano le radici di questo legame che ci ha permesso di costruire un progetto in costante evoluzione, che ci spinge ogni giorno a migliorarci, sempre in sintonia con le esigenze di un mondo globalizzato e in continua trasformazione.<\/p>\n<p>In questo percorso continueremo ad avanzare con il passo sicuro di una comunit\u00e0 educativa consapevole e impegnata nella grande responsabilit\u00e0 che comporta la formazione dei nostri studenti. Sogniamo che diventino \u00abCittadini del Mondo\u00bb: autonomi, responsabili e perseveranti; capaci di collaborare con gli altri; creativi, riflessivi e critici; con una visione interculturale e pluralista che sappia valorizzare la diversit\u00e0. Vogliamo che siano agenti di cambiamento, costruttori di una societ\u00e0 ogni giorno pi\u00f9 giusta, sostenibile e capace di affrontare le sfide del presente e del futuro.<\/p>\n<p>Desideriamo che l\u2019onest\u00e0, l\u2019impegno, la solidariet\u00e0, la responsabilit\u00e0 e il rispetto siano valori che i nostri studenti custodiscano come parte dell\u2019esperienza vissuta nella loro scuola, riflessi nelle loro famiglie e in ciascuno di noi. Che li integrino nel loro processo di apprendimento, nella vita quotidiana, nel modo in cui applicano le loro conoscenze e competenze, nell\u2019interpretazione del mondo e nella proiezione del loro futuro.<\/p>\n<p>Vi invito a conoscere il nostro <a href=\"https:\/\/www.scuola.cl\/sivm\/scuola\/proyecto-educativo-institucional\/\" target=\"_blank\" rel=\"noopener\">Progetto Educativo<\/a> e a viverlo pienamente.<\/p>\n<p style=\"text-align: center;\">Gabriela Chiuminatto<br \/>Rettrice<\/p>\n\n","protected":false},"excerpt":{"rendered":"Cara Comunit\u00e0: A trav\u00e9s de estas palabras, quiero expresar mi m\u00e1s profundo agradecimiento a todas las familias y a quienes forman parte de nuestra querida comunidad. Una comunidad que naci\u00f3 hace 135 a\u00f1os, fruto del esfuerzo, la tenacidad y el compromiso de tantos italianos que so\u00f1aron con perpetuar su cultura a trav\u00e9s de esta instituci\u00f3n&#8230; <a class=\"view-article\" href=\"https:\/\/www.scuola.cl\/sivm\/scuola\/carta-de-la-rectora\/\">Ver art\u00edculo<\/a>","protected":false},"author":1,"featured_media":0,"parent":293,"menu_order":0,"comment_status":"closed","ping_status":"closed","template":"carta.php","meta":{"_acf_changed":false,"footnotes":""},"class_list":["post-245","page","type-page","status-publish","hentry"],"acf":[],"yoast_head":"<!-- This site is optimized with the Yoast SEO plugin v27.1.1 - https:\/\/yoast.com\/product\/yoast-seo-wordpress\/ -->\n<title>Carta de la Rectora - Scuola Italiana<\/title>\n<meta name=\"robots\" content=\"index, follow, max-snippet:-1, max-image-preview:large, max-video-preview:-1\" \/>\n<link rel=\"canonical\" href=\"https:\/\/www.scuola.cl\/sivm\/scuola\/carta-de-la-rectora\/\" \/>\n<meta property=\"og:locale\" content=\"es_ES\" \/>\n<meta property=\"og:type\" content=\"article\" \/>\n<meta property=\"og:title\" content=\"Carta de la Rectora - Scuola Italiana\" \/>\n<meta property=\"og:description\" content=\"Cara Comunit\u00e0: A trav\u00e9s de estas palabras, quiero expresar mi m\u00e1s profundo agradecimiento a todas las familias y a quienes forman parte de nuestra querida comunidad. Una comunidad que naci\u00f3 hace 135 a\u00f1os, fruto del esfuerzo, la tenacidad y el compromiso de tantos italianos que so\u00f1aron con perpetuar su cultura a trav\u00e9s de esta instituci\u00f3n... Ver art\u00edculo\" \/>\n<meta property=\"og:url\" content=\"https:\/\/www.scuola.cl\/sivm\/scuola\/carta-de-la-rectora\/\" \/>\n<meta property=\"og:site_name\" content=\"Scuola Italiana\" \/>\n<meta property=\"article:modified_time\" content=\"2026-02-24T20:01:38+00:00\" \/>\n<meta name=\"twitter:card\" content=\"summary_large_image\" \/>\n<meta name=\"twitter:label1\" content=\"Tiempo de lectura\" \/>\n\t<meta name=\"twitter:data1\" content=\"3 minutos\" \/>\n<script type=\"application\/ld+json\" class=\"yoast-schema-graph\">{\"@context\":\"https:\/\/schema.org\",\"@graph\":[{\"@type\":\"WebPage\",\"@id\":\"https:\/\/www.scuola.cl\/sivm\/scuola\/carta-de-la-rectora\/\",\"url\":\"https:\/\/www.scuola.cl\/sivm\/scuola\/carta-de-la-rectora\/\",\"name\":\"Carta de la Rectora - Scuola Italiana\",\"isPartOf\":{\"@id\":\"https:\/\/www.scuola.cl\/sivm\/#website\"},\"datePublished\":\"2016-09-14T08:42:40+00:00\",\"dateModified\":\"2026-02-24T20:01:38+00:00\",\"breadcrumb\":{\"@id\":\"https:\/\/www.scuola.cl\/sivm\/scuola\/carta-de-la-rectora\/#breadcrumb\"},\"inLanguage\":\"es\",\"potentialAction\":[{\"@type\":\"ReadAction\",\"target\":[\"https:\/\/www.scuola.cl\/sivm\/scuola\/carta-de-la-rectora\/\"]}]},{\"@type\":\"BreadcrumbList\",\"@id\":\"https:\/\/www.scuola.cl\/sivm\/scuola\/carta-de-la-rectora\/#breadcrumb\",\"itemListElement\":[{\"@type\":\"ListItem\",\"position\":1,\"name\":\"Inicio\",\"item\":\"https:\/\/www.scuola.cl\/sivm\/\"},{\"@type\":\"ListItem\",\"position\":2,\"name\":\"SCUOLA\",\"item\":\"https:\/\/www.scuola.cl\/sivm\/scuola\/\"},{\"@type\":\"ListItem\",\"position\":3,\"name\":\"Carta de la Rectora\"}]},{\"@type\":\"WebSite\",\"@id\":\"https:\/\/www.scuola.cl\/sivm\/#website\",\"url\":\"https:\/\/www.scuola.cl\/sivm\/\",\"name\":\"Scuola Italiana\",\"description\":\"Vittorio Montiglio\",\"publisher\":{\"@id\":\"https:\/\/www.scuola.cl\/sivm\/#organization\"},\"potentialAction\":[{\"@type\":\"SearchAction\",\"target\":{\"@type\":\"EntryPoint\",\"urlTemplate\":\"https:\/\/www.scuola.cl\/sivm\/?s={search_term_string}\"},\"query-input\":{\"@type\":\"PropertyValueSpecification\",\"valueRequired\":true,\"valueName\":\"search_term_string\"}}],\"inLanguage\":\"es\"},{\"@type\":\"Organization\",\"@id\":\"https:\/\/www.scuola.cl\/sivm\/#organization\",\"name\":\"Scuola Italiana Vittorio Montiglio\",\"url\":\"https:\/\/www.scuola.cl\/sivm\/\",\"logo\":{\"@type\":\"ImageObject\",\"inLanguage\":\"es\",\"@id\":\"https:\/\/www.scuola.cl\/sivm\/#\/schema\/logo\/image\/\",\"url\":\"https:\/\/www.scuola.cl\/sivm\/wp-content\/uploads\/2019\/06\/Logo_Scuola-01-001-1000x1000.png\",\"contentUrl\":\"https:\/\/www.scuola.cl\/sivm\/wp-content\/uploads\/2019\/06\/Logo_Scuola-01-001-1000x1000.png\",\"width\":1000,\"height\":1000,\"caption\":\"Scuola Italiana Vittorio Montiglio\"},\"image\":{\"@id\":\"https:\/\/www.scuola.cl\/sivm\/#\/schema\/logo\/image\/\"}}]}<\/script>\n<!-- \/ Yoast SEO plugin. -->","yoast_head_json":{"title":"Carta de la Rectora - Scuola Italiana","robots":{"index":"index","follow":"follow","max-snippet":"max-snippet:-1","max-image-preview":"max-image-preview:large","max-video-preview":"max-video-preview:-1"},"canonical":"https:\/\/www.scuola.cl\/sivm\/scuola\/carta-de-la-rectora\/","og_locale":"es_ES","og_type":"article","og_title":"Carta de la Rectora - Scuola Italiana","og_description":"Cara Comunit\u00e0: A trav\u00e9s de estas palabras, quiero expresar mi m\u00e1s profundo agradecimiento a todas las familias y a quienes forman parte de nuestra querida comunidad. Una comunidad que naci\u00f3 hace 135 a\u00f1os, fruto del esfuerzo, la tenacidad y el compromiso de tantos italianos que so\u00f1aron con perpetuar su cultura a trav\u00e9s de esta instituci\u00f3n... Ver art\u00edculo","og_url":"https:\/\/www.scuola.cl\/sivm\/scuola\/carta-de-la-rectora\/","og_site_name":"Scuola Italiana","article_modified_time":"2026-02-24T20:01:38+00:00","twitter_card":"summary_large_image","twitter_misc":{"Tiempo de lectura":"3 minutos"},"schema":{"@context":"https:\/\/schema.org","@graph":[{"@type":"WebPage","@id":"https:\/\/www.scuola.cl\/sivm\/scuola\/carta-de-la-rectora\/","url":"https:\/\/www.scuola.cl\/sivm\/scuola\/carta-de-la-rectora\/","name":"Carta de la Rectora - Scuola Italiana","isPartOf":{"@id":"https:\/\/www.scuola.cl\/sivm\/#website"},"datePublished":"2016-09-14T08:42:40+00:00","dateModified":"2026-02-24T20:01:38+00:00","breadcrumb":{"@id":"https:\/\/www.scuola.cl\/sivm\/scuola\/carta-de-la-rectora\/#breadcrumb"},"inLanguage":"es","potentialAction":[{"@type":"ReadAction","target":["https:\/\/www.scuola.cl\/sivm\/scuola\/carta-de-la-rectora\/"]}]},{"@type":"BreadcrumbList","@id":"https:\/\/www.scuola.cl\/sivm\/scuola\/carta-de-la-rectora\/#breadcrumb","itemListElement":[{"@type":"ListItem","position":1,"name":"Inicio","item":"https:\/\/www.scuola.cl\/sivm\/"},{"@type":"ListItem","position":2,"name":"SCUOLA","item":"https:\/\/www.scuola.cl\/sivm\/scuola\/"},{"@type":"ListItem","position":3,"name":"Carta de la Rectora"}]},{"@type":"WebSite","@id":"https:\/\/www.scuola.cl\/sivm\/#website","url":"https:\/\/www.scuola.cl\/sivm\/","name":"Scuola Italiana","description":"Vittorio Montiglio","publisher":{"@id":"https:\/\/www.scuola.cl\/sivm\/#organization"},"potentialAction":[{"@type":"SearchAction","target":{"@type":"EntryPoint","urlTemplate":"https:\/\/www.scuola.cl\/sivm\/?s={search_term_string}"},"query-input":{"@type":"PropertyValueSpecification","valueRequired":true,"valueName":"search_term_string"}}],"inLanguage":"es"},{"@type":"Organization","@id":"https:\/\/www.scuola.cl\/sivm\/#organization","name":"Scuola Italiana Vittorio Montiglio","url":"https:\/\/www.scuola.cl\/sivm\/","logo":{"@type":"ImageObject","inLanguage":"es","@id":"https:\/\/www.scuola.cl\/sivm\/#\/schema\/logo\/image\/","url":"https:\/\/www.scuola.cl\/sivm\/wp-content\/uploads\/2019\/06\/Logo_Scuola-01-001-1000x1000.png","contentUrl":"https:\/\/www.scuola.cl\/sivm\/wp-content\/uploads\/2019\/06\/Logo_Scuola-01-001-1000x1000.png","width":1000,"height":1000,"caption":"Scuola Italiana Vittorio Montiglio"},"image":{"@id":"https:\/\/www.scuola.cl\/sivm\/#\/schema\/logo\/image\/"}}]}},"_links":{"self":[{"href":"https:\/\/www.scuola.cl\/sivm\/wp-json\/wp\/v2\/pages\/245","targetHints":{"allow":["GET"]}}],"collection":[{"href":"https:\/\/www.scuola.cl\/sivm\/wp-json\/wp\/v2\/pages"}],"about":[{"href":"https:\/\/www.scuola.cl\/sivm\/wp-json\/wp\/v2\/types\/page"}],"author":[{"embeddable":true,"href":"https:\/\/www.scuola.cl\/sivm\/wp-json\/wp\/v2\/users\/1"}],"replies":[{"embeddable":true,"href":"https:\/\/www.scuola.cl\/sivm\/wp-json\/wp\/v2\/comments?post=245"}],"version-history":[{"count":43,"href":"https:\/\/www.scuola.cl\/sivm\/wp-json\/wp\/v2\/pages\/245\/revisions"}],"predecessor-version":[{"id":32358,"href":"https:\/\/www.scuola.cl\/sivm\/wp-json\/wp\/v2\/pages\/245\/revisions\/32358"}],"up":[{"embeddable":true,"href":"https:\/\/www.scuola.cl\/sivm\/wp-json\/wp\/v2\/pages\/293"}],"wp:attachment":[{"href":"https:\/\/www.scuola.cl\/sivm\/wp-json\/wp\/v2\/media?parent=245"}],"curies":[{"name":"wp","href":"https:\/\/api.w.org\/{rel}","templated":true}]}}