{"id":20584,"date":"2023-03-01T13:11:05","date_gmt":"2023-03-01T16:11:05","guid":{"rendered":"https:\/\/www.scuola.cl\/sivm\/?page_id=20584"},"modified":"2023-03-01T17:38:35","modified_gmt":"2023-03-01T20:38:35","slug":"retiro-de-alumnos","status":"publish","type":"page","link":"https:\/\/www.scuola.cl\/sivm\/retiro-de-alumnos\/","title":{"rendered":"Retiro de alumnos"},"content":{"rendered":"<div class=\"wti-retiro-form container wti-container-retiro\"><div class=\"row wti-row\"><div class=\"col-md-12 col-xs-12\"><h1 class=\"wti-title\">Retiro de alumnos<\/h1><p class=\"wti-paragraph\">Estimado apoderado, a trav\u00e9s de este documento, usted est\u00e1 dando aviso de retiro de uno de sus hijos desde nuestra instituci\u00f3n.<\/p><p class=\"wti-paragraph\">Por favor considere lo siguiente:<\/p><ul><li>Preste especial atenci\u00f3n en indicar el motivo de retiro y la fecha en que su hijo dej\u00f3 de asistir (o dejar\u00e1 de asistir).<\/li><li>Si tiene dudas administrativas del proceso de retiro, escribir a tesoreria@scuola.cl<\/li><li>Si tiene dudas acad\u00e9micas del proceso de retiro, escribir directo al Director de \u00e1rea respectivo.<\/li><\/ul><\/div><\/div><div id=\"wti-formulario\"><div class=\"row wti-row\"><div class=\"col-md-12 col-xs-12\"><div id=\"alert-retiro-alumnos\" class=\"alert alert-danger\" style=\"display: none;\" role=\"alert\">Debes completar todos los datos para poder continuar<\/div><div id=\"alert-mail-retiro-alumnos\" class=\"alert alert-danger\" style=\"display: none;\" role=\"alert\">Debes colocar un mail v\u00e1lido antes de continuar<\/div><div id=\"alert-rut-retiro-alumnos\" class=\"alert alert-danger\" style=\"display: none;\" role=\"alert\">Debe primero buscar el alumno por su RUT en la base de datos.<\/div><\/div><\/div><div class=\"row wti-row justify-content-center\"><div class=\"col-md-4 col-xs-12\"><h3 class=\"wti-title-h3\">Datos b\u00e1sicos<\/h3><p class=\"wti-paragraph\">Fecha: <span id=\"wti-span-fecha\" class=\"wti-span-fecha\">27-12-2022<\/span><\/p><div class=\"wti-container-select\"><p>A\u00f1o acad\u00e9mico del retiro<\/p><div id=\"wti-anio-retiro-render\"><\/div><\/div><label for=\"numeros\" class=\"form-label label-rut\">RUT del alumno, sin guiones y sin puntos.<\/label><div class=\"form-group wti-form-group wti-rut-boton-contenedor\"><input type=\"text\" class=\"form-control\" id=\"rut\"><input type=\"hidden\" class=\"form-control\" id=\"NroMatricula\"><button class=\"btn btn-outline-secondary\" type=\"button\" id=\"buscar-alumno-post\" disabled=\"true\">BUSCAR<\/button><\/div><p id=\"wti-mensaje-status\" class=\"wti-paragraph\" style=\"display: none;\">Escriba un RUT v\u00e1lido, sin guiones, sin puntos, y escoja a\u00f1o de retiro<\/p><div class=\"wti-container-spinner\"><div id=\"lds-ellipsis\" style=\"display: none;\" class=\"lds-ellipsis\"><div><\/div><div><\/div><div><\/div><\/div><\/div><p id=\"wti-mensaje-buscando\" class=\"wti-paragraph\" style=\"display: none;\">Buscando el alumno. Por favor, espere.<\/p><div class=\"wti-container-selected\" style=\"display: none;\" id=\"datos-alumno\"><p>Alumno: <span id=\"alumno-nombre\"><\/span><\/p><p>Curso: <span id=\"alumno-curso\">Curso actual<\/span><\/p><\/div><div class=\"wti-container-alumno-manual\" id=\"alumno-manual-form\"><\/div><div class=\"col-sm-12\" id=\"htmlTarget\"><label for=\"datetimepicker1Input\" class=\"form-label label-rut\">Fecha de \u00faltimo d\u00eda en que asisti\u00f3 (o asistir\u00e1) a clases<\/label><div class=\"input-group log-event\" id=\"datetimepicker1\" data-td-target-input=\"nearest\" data-td-target-toggle=\"nearest\"><input id=\"datetimepicker1Input\" type=\"text\" class=\"form-control\" data-td-target=\"#datetimepicker1\" \/><span class=\"input-group-text\" data-td-target=\"#datetimepicker1\" data-td-toggle=\"datetimepicker\"><i class=\"fas fa-calendar\"><\/i><\/span><\/div><div style=\"display:none;\" class=\"wti-span-fecha-aviso\"><span>(*) Dado que la fecha de retiro de su hijo(a) es futura, este documento quedar\u00e1 pendiente de visaci\u00f3n hasta dicha fecha.<\/span><\/div><\/div><div class=\"wti-container-select\"><p>Tipo de retiro<\/p><div class=\"form-check\"><input class=\"form-check-input\" type=\"radio\" name=\"permanente-temporal\" id=\"tipo-retiro-p\" value=\"permanente\"><label class=\"form-check-label\" for=\"permanente-temporal\">Permanente<\/label><\/div><div id=\"opcion-temporal\" class=\"form-check\"><input class=\"form-check-input\" type=\"radio\" name=\"permanente-temporal\" id=\"tipo-retiro-t\" value=\"temporal\"><label class=\"form-check-label\" for=\"permanente-temporal\">Temporal<\/label><\/div><\/div><\/div><div class=\"col-md-4 col-xs-12\"><h3 class=\"wti-title-h3\">Motivo del retiro<\/h3><div class=\"form-group wti-form-group\"><label for=\"seleccione-motivo\">Seleccione un motivo<\/label><select class=\"form-control\" id=\"seleccione-motivo\"><\/select><\/div><div><p id=\"mensaje-motivo\" class=\"wti-paragraph\"><\/p><\/div><div id=\"pregunta-extra\"><\/div><div id=\"form-file\"><\/div><div class=\"form-check wti-form-group\"><input class=\"form-check-input\" type=\"checkbox\" value=\"archivo-extra\" id=\"archivo-extra\"><label class=\"form-check-label\" for=\"archivo-extra\">\u00bfDesea a\u00f1adir un documento extra? (Opcional)<\/label><\/div><div id=\"form-file2\"><\/div><div class=\"form-group wti-form-group\"><label for=\"observaciones\">Observaciones<\/label><textarea class=\"form-control wti-textarea\" id=\"observaciones\" rows=\"10\"><\/textarea><\/div><\/div><div class=\"col-md-4 col-xs-12\"><h3 class=\"wti-title-h3\">Datos de quien retira al alumno<\/h3><div class=\"wti-container-select\"><p>\u00bfQui\u00e9n retira?<\/p><div class=\"form-check\"><input class=\"form-check-input\" type=\"radio\" name=\"quien-retira\" id=\"quien-retira1\" value=\"apoderado\"><label class=\"form-check-label\" for=\"quien-retira1\">Apoderado acad\u00e9mico<\/label><\/div><div class=\"form-check\"><input class=\"form-check-input\" type=\"radio\" name=\"quien-retira\" id=\"quien-retira2\" value=\"tutor\"><label class=\"form-check-label\" for=\"quien-retira2\">Tutor financiero<\/label><\/div><\/div><div><span>(*) En caso de ser usted tanto tutor como apoderado: escoja cualquiera.<\/span><\/div><div class=\"form-group wti-form-group\"><label for=\"nombre-tutor-apoderado\">Nombre completo<\/label><input type=\"text\" class=\"form-control\" id=\"nombre-tutor-apoderado\"><\/div><div class=\"form-group wti-form-group\"><label for=\"rut-apoderado\">RUT del apoderado\/tutor<\/label><input type=\"text\" class=\"form-control\" id=\"rut-apoderado\"><\/div><div class=\"form-group wti-form-group\"><label for=\"mail-apoderado\">Mail<\/label><input type=\"mail\" class=\"form-control\" id=\"mail-apoderado\"><span>(*) Favor indicar el correo que usted ha registrado en Alexia solamente<\/span><\/div><div class=\"form-group wti-form-group\"><label for=\"telefono-apoderado\">Tel\u00e9fono<\/label><input type=\"text\" class=\"form-control\" id=\"telefono-apoderado\"><\/div><div class=\"wti-span\"><p class=\"wti-ultimo-mensaje\" style=\"display:none;\">(*) Se encuentra sujeto a la disponibilidad de cupo en el ciclo correspondiente al momento de la solicitud de nueva matr\u00edcula y debe solicitarlo a trav\u00e9s de admisi\u00f3n.<\/p><\/div><button type=\"button\" id=\"enviar-solicitud-retiro\" class=\"btn btn-success\">ENVIAR SOLICITUD DE RETIRO<\/button><\/div><\/div><\/div><div style=\"display: none;\" id=\"wti-retiro-enviado\" class=\"wti-retiro-enviado row justify-content-center\"><div class=\"col-md-8 col-xs-12 wti-jumbotron\"><p class=\"lead\">Hemos enviado una verificaci\u00f3n al correo electr\u00f3nico <<span id=\"wti-correo-apoderado\">correo@gmail.com<\/span>> para firmar su solicitud<\/p><\/div><\/div><div style=\"display: none;\" id=\"wti-retiro-error\" class=\"wti-retiro-error row justify-content-center\"><div class=\"col-md-8 col-xs-12 wti-jumbotron-error\"><p class=\"lead\" id=\"mensaje-error\">Ha habido un problema. Por favor contacte al administrador.<\/p><\/div><\/div><\/div>\n","protected":false},"excerpt":{"rendered":"","protected":false},"author":6,"featured_media":0,"parent":0,"menu_order":0,"comment_status":"closed","ping_status":"closed","template":"carta.php","meta":{"_acf_changed":false,"footnotes":""},"class_list":["post-20584","page","type-page","status-publish","hentry"],"acf":[],"yoast_head":"<!-- This site is optimized with the Yoast SEO plugin v27.1.1 - https:\/\/yoast.com\/product\/yoast-seo-wordpress\/ -->\n<title>Retiro de alumnos - Scuola Italiana<\/title>\n<meta name=\"robots\" content=\"index, follow, max-snippet:-1, max-image-preview:large, max-video-preview:-1\" \/>\n<link rel=\"canonical\" href=\"https:\/\/www.scuola.cl\/sivm\/retiro-de-alumnos\/\" \/>\n<meta property=\"og:locale\" content=\"es_ES\" \/>\n<meta property=\"og:type\" content=\"article\" \/>\n<meta property=\"og:title\" content=\"Retiro de alumnos - Scuola Italiana\" \/>\n<meta property=\"og:url\" content=\"https:\/\/www.scuola.cl\/sivm\/retiro-de-alumnos\/\" \/>\n<meta property=\"og:site_name\" content=\"Scuola Italiana\" \/>\n<meta property=\"article:modified_time\" content=\"2023-03-01T20:38:35+00:00\" \/>\n<meta name=\"twitter:card\" content=\"summary_large_image\" \/>\n<meta name=\"twitter:label1\" content=\"Tiempo de lectura\" \/>\n\t<meta name=\"twitter:data1\" content=\"1 minuto\" \/>\n<script type=\"application\/ld+json\" class=\"yoast-schema-graph\">{\"@context\":\"https:\/\/schema.org\",\"@graph\":[{\"@type\":\"WebPage\",\"@id\":\"https:\/\/www.scuola.cl\/sivm\/retiro-de-alumnos\/\",\"url\":\"https:\/\/www.scuola.cl\/sivm\/retiro-de-alumnos\/\",\"name\":\"Retiro de alumnos - Scuola Italiana\",\"isPartOf\":{\"@id\":\"https:\/\/www.scuola.cl\/sivm\/#website\"},\"datePublished\":\"2023-03-01T16:11:05+00:00\",\"dateModified\":\"2023-03-01T20:38:35+00:00\",\"breadcrumb\":{\"@id\":\"https:\/\/www.scuola.cl\/sivm\/retiro-de-alumnos\/#breadcrumb\"},\"inLanguage\":\"es\",\"potentialAction\":[{\"@type\":\"ReadAction\",\"target\":[\"https:\/\/www.scuola.cl\/sivm\/retiro-de-alumnos\/\"]}]},{\"@type\":\"BreadcrumbList\",\"@id\":\"https:\/\/www.scuola.cl\/sivm\/retiro-de-alumnos\/#breadcrumb\",\"itemListElement\":[{\"@type\":\"ListItem\",\"position\":1,\"name\":\"Inicio\",\"item\":\"https:\/\/www.scuola.cl\/sivm\/\"},{\"@type\":\"ListItem\",\"position\":2,\"name\":\"Retiro de alumnos\"}]},{\"@type\":\"WebSite\",\"@id\":\"https:\/\/www.scuola.cl\/sivm\/#website\",\"url\":\"https:\/\/www.scuola.cl\/sivm\/\",\"name\":\"Scuola Italiana\",\"description\":\"Vittorio Montiglio\",\"publisher\":{\"@id\":\"https:\/\/www.scuola.cl\/sivm\/#organization\"},\"potentialAction\":[{\"@type\":\"SearchAction\",\"target\":{\"@type\":\"EntryPoint\",\"urlTemplate\":\"https:\/\/www.scuola.cl\/sivm\/?s={search_term_string}\"},\"query-input\":{\"@type\":\"PropertyValueSpecification\",\"valueRequired\":true,\"valueName\":\"search_term_string\"}}],\"inLanguage\":\"es\"},{\"@type\":\"Organization\",\"@id\":\"https:\/\/www.scuola.cl\/sivm\/#organization\",\"name\":\"Scuola Italiana Vittorio Montiglio\",\"url\":\"https:\/\/www.scuola.cl\/sivm\/\",\"logo\":{\"@type\":\"ImageObject\",\"inLanguage\":\"es\",\"@id\":\"https:\/\/www.scuola.cl\/sivm\/#\/schema\/logo\/image\/\",\"url\":\"https:\/\/www.scuola.cl\/sivm\/wp-content\/uploads\/2019\/06\/Logo_Scuola-01-001-1000x1000.png\",\"contentUrl\":\"https:\/\/www.scuola.cl\/sivm\/wp-content\/uploads\/2019\/06\/Logo_Scuola-01-001-1000x1000.png\",\"width\":1000,\"height\":1000,\"caption\":\"Scuola Italiana Vittorio Montiglio\"},\"image\":{\"@id\":\"https:\/\/www.scuola.cl\/sivm\/#\/schema\/logo\/image\/\"}}]}<\/script>\n<!-- \/ Yoast SEO plugin. -->","yoast_head_json":{"title":"Retiro de alumnos - Scuola Italiana","robots":{"index":"index","follow":"follow","max-snippet":"max-snippet:-1","max-image-preview":"max-image-preview:large","max-video-preview":"max-video-preview:-1"},"canonical":"https:\/\/www.scuola.cl\/sivm\/retiro-de-alumnos\/","og_locale":"es_ES","og_type":"article","og_title":"Retiro de alumnos - Scuola Italiana","og_url":"https:\/\/www.scuola.cl\/sivm\/retiro-de-alumnos\/","og_site_name":"Scuola Italiana","article_modified_time":"2023-03-01T20:38:35+00:00","twitter_card":"summary_large_image","twitter_misc":{"Tiempo de lectura":"1 minuto"},"schema":{"@context":"https:\/\/schema.org","@graph":[{"@type":"WebPage","@id":"https:\/\/www.scuola.cl\/sivm\/retiro-de-alumnos\/","url":"https:\/\/www.scuola.cl\/sivm\/retiro-de-alumnos\/","name":"Retiro de alumnos - Scuola Italiana","isPartOf":{"@id":"https:\/\/www.scuola.cl\/sivm\/#website"},"datePublished":"2023-03-01T16:11:05+00:00","dateModified":"2023-03-01T20:38:35+00:00","breadcrumb":{"@id":"https:\/\/www.scuola.cl\/sivm\/retiro-de-alumnos\/#breadcrumb"},"inLanguage":"es","potentialAction":[{"@type":"ReadAction","target":["https:\/\/www.scuola.cl\/sivm\/retiro-de-alumnos\/"]}]},{"@type":"BreadcrumbList","@id":"https:\/\/www.scuola.cl\/sivm\/retiro-de-alumnos\/#breadcrumb","itemListElement":[{"@type":"ListItem","position":1,"name":"Inicio","item":"https:\/\/www.scuola.cl\/sivm\/"},{"@type":"ListItem","position":2,"name":"Retiro de alumnos"}]},{"@type":"WebSite","@id":"https:\/\/www.scuola.cl\/sivm\/#website","url":"https:\/\/www.scuola.cl\/sivm\/","name":"Scuola Italiana","description":"Vittorio Montiglio","publisher":{"@id":"https:\/\/www.scuola.cl\/sivm\/#organization"},"potentialAction":[{"@type":"SearchAction","target":{"@type":"EntryPoint","urlTemplate":"https:\/\/www.scuola.cl\/sivm\/?s={search_term_string}"},"query-input":{"@type":"PropertyValueSpecification","valueRequired":true,"valueName":"search_term_string"}}],"inLanguage":"es"},{"@type":"Organization","@id":"https:\/\/www.scuola.cl\/sivm\/#organization","name":"Scuola Italiana Vittorio Montiglio","url":"https:\/\/www.scuola.cl\/sivm\/","logo":{"@type":"ImageObject","inLanguage":"es","@id":"https:\/\/www.scuola.cl\/sivm\/#\/schema\/logo\/image\/","url":"https:\/\/www.scuola.cl\/sivm\/wp-content\/uploads\/2019\/06\/Logo_Scuola-01-001-1000x1000.png","contentUrl":"https:\/\/www.scuola.cl\/sivm\/wp-content\/uploads\/2019\/06\/Logo_Scuola-01-001-1000x1000.png","width":1000,"height":1000,"caption":"Scuola Italiana Vittorio Montiglio"},"image":{"@id":"https:\/\/www.scuola.cl\/sivm\/#\/schema\/logo\/image\/"}}]}},"_links":{"self":[{"href":"https:\/\/www.scuola.cl\/sivm\/wp-json\/wp\/v2\/pages\/20584","targetHints":{"allow":["GET"]}}],"collection":[{"href":"https:\/\/www.scuola.cl\/sivm\/wp-json\/wp\/v2\/pages"}],"about":[{"href":"https:\/\/www.scuola.cl\/sivm\/wp-json\/wp\/v2\/types\/page"}],"author":[{"embeddable":true,"href":"https:\/\/www.scuola.cl\/sivm\/wp-json\/wp\/v2\/users\/6"}],"replies":[{"embeddable":true,"href":"https:\/\/www.scuola.cl\/sivm\/wp-json\/wp\/v2\/comments?post=20584"}],"version-history":[{"count":2,"href":"https:\/\/www.scuola.cl\/sivm\/wp-json\/wp\/v2\/pages\/20584\/revisions"}],"predecessor-version":[{"id":20587,"href":"https:\/\/www.scuola.cl\/sivm\/wp-json\/wp\/v2\/pages\/20584\/revisions\/20587"}],"wp:attachment":[{"href":"https:\/\/www.scuola.cl\/sivm\/wp-json\/wp\/v2\/media?parent=20584"}],"curies":[{"name":"wp","href":"https:\/\/api.w.org\/{rel}","templated":true}]}}