{"id":127,"date":"2016-09-08T18:35:37","date_gmt":"2016-09-08T18:35:37","guid":{"rendered":"http:\/\/www.scuola.cl\/sivm\/?page_id=127"},"modified":"2026-04-16T18:40:57","modified_gmt":"2026-04-16T21:40:57","slug":"beneficios","status":"publish","type":"page","link":"https:\/\/www.scuola.cl\/sivm\/alumnos\/beneficios\/","title":{"rendered":"BENEFICIOS"},"content":{"rendered":"<ul style=\"list-style-type: circle;\">\n<li style=\"list-style-type: none;\">\n<ul style=\"list-style-type: circle;\">\n<li><span style=\"font-weight: 400;\">Seguro de accidentes con cl\u00ednica en convenio. \u00a0\u00a0<\/span><\/li>\n<li>Becas por fallecimiento del sostenedor de la Colegiatura, seg\u00fan Reglamento Interno.<\/li>\n<li>Becas por dif\u00edcil situaci\u00f3n econ\u00f3mica, de 1\u00ba B\u00e1sico a IV Medio (casos calificados).<\/li>\n<li>Financiamiento, en parte, de los libros en Italiano de 1\u00ba a 5\u00ba B\u00e1sico.<\/li>\n<li>Pasaje a Italia para el \u00abViaggio in Italia\u00bb.<\/li>\n<li>Entrega de Diario Scolastico (seg\u00fan \u00c1rea) y un Anuario por familia.<\/li>\n<li>Talleres extra program\u00e1ticos de acuerdo al programa que planifique la Scuola (el costo depender\u00e1 del nivel).<\/li>\n<li>Orientaci\u00f3n vocacional y formativa.<\/li>\n<li>Pre Universitario externo para alumnos de IV Medio, cuyo costo ser\u00e1 compartido con un porcentaje que la Scuola determinar\u00e1 cada a\u00f1o (si la asistencia del alumno es igual o mayor a 85%).<\/li>\n<li><a href=\"https:\/\/www.scuola.cl\/sivm\/wp-content\/uploads\/2026\/04\/Convenios-Universidades-Chilenas-2026-Def.pdf\" target=\"_blank\" rel=\"noopener\">Convenios Universidades Chilenas<\/a><\/li>\n<\/ul>\n<\/li>\n<\/ul>\n<hr \/>\n<ul style=\"list-style-type: circle;\">\n<li>Assicurazione contro gli infortuni con clinica convenzionata.<\/li>\n<li>Borse di studio per decesso del sostenitore della retta scolastica, secondo il Regolamento Interno.<\/li>\n<li>Borse di studio per situazione economica difficile, dalla 1\u00aa Elementare alla IV Superiore (casi qualificati).<\/li>\n<li>Finanziamento parziale dei libri in italiano dalla 1\u00aa alla 5\u00aa Elementare.<\/li>\n<li>Biglietto aereo per l\u2019Italia per il \u00abViaggio in Italia\u00bb.<\/li>\n<li>Consegna del Diario Scolastico (secondo l\u2019area) e di un Annuario per famiglia.<\/li>\n<li>Laboratori extrascolastici secondo il programma pianificato dalla Scuola (il costo dipender\u00e0 dal livello).<\/li>\n<li>Orientamento vocazionale e formativo.<\/li>\n<li>Corsi pre-universitari esterni per gli studenti di IV Superiore, il cui costo sar\u00e0 condiviso con una percentuale che la Scuola determiner\u00e0 ogni anno (se la frequenza dello studente \u00e8 uguale o superiore all\u201985%).<\/li>\n<li><a href=\"https:\/\/www.scuola.cl\/sivm\/wp-content\/uploads\/2024\/10\/Convenios-Universidades-Chilenas-2024-oct.pdf\" target=\"_blank\" rel=\"noopener\">Convenzioni con Universit\u00e0 cilene.<\/a><\/li>\n<\/ul>\n","protected":false},"excerpt":{"rendered":"Seguro de accidentes con cl\u00ednica en convenio. \u00a0\u00a0 Becas por fallecimiento del sostenedor de la Colegiatura, seg\u00fan Reglamento Interno. Becas por dif\u00edcil situaci\u00f3n econ\u00f3mica, de 1\u00ba B\u00e1sico a IV Medio (casos calificados). Financiamiento, en parte, de los libros en Italiano de 1\u00ba a 5\u00ba B\u00e1sico. Pasaje a Italia para el \u00abViaggio in Italia\u00bb. Entrega de&#8230; <a class=\"view-article\" href=\"https:\/\/www.scuola.cl\/sivm\/alumnos\/beneficios\/\">Ver art\u00edculo<\/a>","protected":false},"author":1,"featured_media":0,"parent":38,"menu_order":0,"comment_status":"closed","ping_status":"closed","template":"alumnos.php","meta":{"_acf_changed":false,"footnotes":""},"class_list":["post-127","page","type-page","status-publish","hentry"],"acf":[],"yoast_head":"<!-- This site is optimized with the Yoast SEO plugin v27.1.1 - https:\/\/yoast.com\/product\/yoast-seo-wordpress\/ -->\n<title>BENEFICIOS - Scuola Italiana<\/title>\n<meta name=\"robots\" content=\"index, follow, max-snippet:-1, max-image-preview:large, max-video-preview:-1\" \/>\n<link rel=\"canonical\" href=\"https:\/\/www.scuola.cl\/sivm\/alumnos\/beneficios\/\" \/>\n<meta property=\"og:locale\" content=\"es_ES\" \/>\n<meta property=\"og:type\" content=\"article\" \/>\n<meta property=\"og:title\" content=\"BENEFICIOS - Scuola Italiana\" \/>\n<meta property=\"og:description\" content=\"Seguro de accidentes con cl\u00ednica en convenio. \u00a0\u00a0 Becas por fallecimiento del sostenedor de la Colegiatura, seg\u00fan Reglamento Interno. Becas por dif\u00edcil situaci\u00f3n econ\u00f3mica, de 1\u00ba B\u00e1sico a IV Medio (casos calificados). Financiamiento, en parte, de los libros en Italiano de 1\u00ba a 5\u00ba B\u00e1sico. Pasaje a Italia para el \u00abViaggio in Italia\u00bb. Entrega de... Ver art\u00edculo\" \/>\n<meta property=\"og:url\" content=\"https:\/\/www.scuola.cl\/sivm\/alumnos\/beneficios\/\" \/>\n<meta property=\"og:site_name\" content=\"Scuola Italiana\" \/>\n<meta property=\"article:modified_time\" content=\"2026-04-16T21:40:57+00:00\" \/>\n<meta name=\"twitter:card\" content=\"summary_large_image\" \/>\n<meta name=\"twitter:label1\" content=\"Tiempo de lectura\" \/>\n\t<meta name=\"twitter:data1\" content=\"2 minutos\" \/>\n<script type=\"application\/ld+json\" class=\"yoast-schema-graph\">{\"@context\":\"https:\/\/schema.org\",\"@graph\":[{\"@type\":\"WebPage\",\"@id\":\"https:\/\/www.scuola.cl\/sivm\/alumnos\/beneficios\/\",\"url\":\"https:\/\/www.scuola.cl\/sivm\/alumnos\/beneficios\/\",\"name\":\"BENEFICIOS - Scuola Italiana\",\"isPartOf\":{\"@id\":\"https:\/\/www.scuola.cl\/sivm\/#website\"},\"datePublished\":\"2016-09-08T18:35:37+00:00\",\"dateModified\":\"2026-04-16T21:40:57+00:00\",\"breadcrumb\":{\"@id\":\"https:\/\/www.scuola.cl\/sivm\/alumnos\/beneficios\/#breadcrumb\"},\"inLanguage\":\"es\",\"potentialAction\":[{\"@type\":\"ReadAction\",\"target\":[\"https:\/\/www.scuola.cl\/sivm\/alumnos\/beneficios\/\"]}]},{\"@type\":\"BreadcrumbList\",\"@id\":\"https:\/\/www.scuola.cl\/sivm\/alumnos\/beneficios\/#breadcrumb\",\"itemListElement\":[{\"@type\":\"ListItem\",\"position\":1,\"name\":\"Inicio\",\"item\":\"https:\/\/www.scuola.cl\/sivm\/\"},{\"@type\":\"ListItem\",\"position\":2,\"name\":\"ALUMNOS\",\"item\":\"https:\/\/www.scuola.cl\/sivm\/alumnos\/\"},{\"@type\":\"ListItem\",\"position\":3,\"name\":\"BENEFICIOS\"}]},{\"@type\":\"WebSite\",\"@id\":\"https:\/\/www.scuola.cl\/sivm\/#website\",\"url\":\"https:\/\/www.scuola.cl\/sivm\/\",\"name\":\"Scuola Italiana\",\"description\":\"Vittorio Montiglio\",\"publisher\":{\"@id\":\"https:\/\/www.scuola.cl\/sivm\/#organization\"},\"potentialAction\":[{\"@type\":\"SearchAction\",\"target\":{\"@type\":\"EntryPoint\",\"urlTemplate\":\"https:\/\/www.scuola.cl\/sivm\/?s={search_term_string}\"},\"query-input\":{\"@type\":\"PropertyValueSpecification\",\"valueRequired\":true,\"valueName\":\"search_term_string\"}}],\"inLanguage\":\"es\"},{\"@type\":\"Organization\",\"@id\":\"https:\/\/www.scuola.cl\/sivm\/#organization\",\"name\":\"Scuola Italiana Vittorio Montiglio\",\"url\":\"https:\/\/www.scuola.cl\/sivm\/\",\"logo\":{\"@type\":\"ImageObject\",\"inLanguage\":\"es\",\"@id\":\"https:\/\/www.scuola.cl\/sivm\/#\/schema\/logo\/image\/\",\"url\":\"https:\/\/www.scuola.cl\/sivm\/wp-content\/uploads\/2019\/06\/Logo_Scuola-01-001-1000x1000.png\",\"contentUrl\":\"https:\/\/www.scuola.cl\/sivm\/wp-content\/uploads\/2019\/06\/Logo_Scuola-01-001-1000x1000.png\",\"width\":1000,\"height\":1000,\"caption\":\"Scuola Italiana Vittorio Montiglio\"},\"image\":{\"@id\":\"https:\/\/www.scuola.cl\/sivm\/#\/schema\/logo\/image\/\"}}]}<\/script>\n<!-- \/ Yoast SEO plugin. -->","yoast_head_json":{"title":"BENEFICIOS - Scuola Italiana","robots":{"index":"index","follow":"follow","max-snippet":"max-snippet:-1","max-image-preview":"max-image-preview:large","max-video-preview":"max-video-preview:-1"},"canonical":"https:\/\/www.scuola.cl\/sivm\/alumnos\/beneficios\/","og_locale":"es_ES","og_type":"article","og_title":"BENEFICIOS - Scuola Italiana","og_description":"Seguro de accidentes con cl\u00ednica en convenio. \u00a0\u00a0 Becas por fallecimiento del sostenedor de la Colegiatura, seg\u00fan Reglamento Interno. Becas por dif\u00edcil situaci\u00f3n econ\u00f3mica, de 1\u00ba B\u00e1sico a IV Medio (casos calificados). Financiamiento, en parte, de los libros en Italiano de 1\u00ba a 5\u00ba B\u00e1sico. Pasaje a Italia para el \u00abViaggio in Italia\u00bb. Entrega de... Ver art\u00edculo","og_url":"https:\/\/www.scuola.cl\/sivm\/alumnos\/beneficios\/","og_site_name":"Scuola Italiana","article_modified_time":"2026-04-16T21:40:57+00:00","twitter_card":"summary_large_image","twitter_misc":{"Tiempo de lectura":"2 minutos"},"schema":{"@context":"https:\/\/schema.org","@graph":[{"@type":"WebPage","@id":"https:\/\/www.scuola.cl\/sivm\/alumnos\/beneficios\/","url":"https:\/\/www.scuola.cl\/sivm\/alumnos\/beneficios\/","name":"BENEFICIOS - Scuola Italiana","isPartOf":{"@id":"https:\/\/www.scuola.cl\/sivm\/#website"},"datePublished":"2016-09-08T18:35:37+00:00","dateModified":"2026-04-16T21:40:57+00:00","breadcrumb":{"@id":"https:\/\/www.scuola.cl\/sivm\/alumnos\/beneficios\/#breadcrumb"},"inLanguage":"es","potentialAction":[{"@type":"ReadAction","target":["https:\/\/www.scuola.cl\/sivm\/alumnos\/beneficios\/"]}]},{"@type":"BreadcrumbList","@id":"https:\/\/www.scuola.cl\/sivm\/alumnos\/beneficios\/#breadcrumb","itemListElement":[{"@type":"ListItem","position":1,"name":"Inicio","item":"https:\/\/www.scuola.cl\/sivm\/"},{"@type":"ListItem","position":2,"name":"ALUMNOS","item":"https:\/\/www.scuola.cl\/sivm\/alumnos\/"},{"@type":"ListItem","position":3,"name":"BENEFICIOS"}]},{"@type":"WebSite","@id":"https:\/\/www.scuola.cl\/sivm\/#website","url":"https:\/\/www.scuola.cl\/sivm\/","name":"Scuola Italiana","description":"Vittorio Montiglio","publisher":{"@id":"https:\/\/www.scuola.cl\/sivm\/#organization"},"potentialAction":[{"@type":"SearchAction","target":{"@type":"EntryPoint","urlTemplate":"https:\/\/www.scuola.cl\/sivm\/?s={search_term_string}"},"query-input":{"@type":"PropertyValueSpecification","valueRequired":true,"valueName":"search_term_string"}}],"inLanguage":"es"},{"@type":"Organization","@id":"https:\/\/www.scuola.cl\/sivm\/#organization","name":"Scuola Italiana Vittorio Montiglio","url":"https:\/\/www.scuola.cl\/sivm\/","logo":{"@type":"ImageObject","inLanguage":"es","@id":"https:\/\/www.scuola.cl\/sivm\/#\/schema\/logo\/image\/","url":"https:\/\/www.scuola.cl\/sivm\/wp-content\/uploads\/2019\/06\/Logo_Scuola-01-001-1000x1000.png","contentUrl":"https:\/\/www.scuola.cl\/sivm\/wp-content\/uploads\/2019\/06\/Logo_Scuola-01-001-1000x1000.png","width":1000,"height":1000,"caption":"Scuola Italiana Vittorio Montiglio"},"image":{"@id":"https:\/\/www.scuola.cl\/sivm\/#\/schema\/logo\/image\/"}}]}},"_links":{"self":[{"href":"https:\/\/www.scuola.cl\/sivm\/wp-json\/wp\/v2\/pages\/127","targetHints":{"allow":["GET"]}}],"collection":[{"href":"https:\/\/www.scuola.cl\/sivm\/wp-json\/wp\/v2\/pages"}],"about":[{"href":"https:\/\/www.scuola.cl\/sivm\/wp-json\/wp\/v2\/types\/page"}],"author":[{"embeddable":true,"href":"https:\/\/www.scuola.cl\/sivm\/wp-json\/wp\/v2\/users\/1"}],"replies":[{"embeddable":true,"href":"https:\/\/www.scuola.cl\/sivm\/wp-json\/wp\/v2\/comments?post=127"}],"version-history":[{"count":22,"href":"https:\/\/www.scuola.cl\/sivm\/wp-json\/wp\/v2\/pages\/127\/revisions"}],"predecessor-version":[{"id":33048,"href":"https:\/\/www.scuola.cl\/sivm\/wp-json\/wp\/v2\/pages\/127\/revisions\/33048"}],"up":[{"embeddable":true,"href":"https:\/\/www.scuola.cl\/sivm\/wp-json\/wp\/v2\/pages\/38"}],"wp:attachment":[{"href":"https:\/\/www.scuola.cl\/sivm\/wp-json\/wp\/v2\/media?parent=127"}],"curies":[{"name":"wp","href":"https:\/\/api.w.org\/{rel}","templated":true}]}}