{"id":121,"date":"2016-09-08T18:34:41","date_gmt":"2016-09-08T18:34:41","guid":{"rendered":"http:\/\/www.scuola.cl\/sivm\/?page_id=121"},"modified":"2025-10-03T17:13:09","modified_gmt":"2025-10-03T20:13:09","slug":"cdg","status":"publish","type":"page","link":"https:\/\/www.scuola.cl\/sivm\/apoderados\/cdg\/","title":{"rendered":"CDG"},"content":{"rendered":"<p>Estimados padres y apoderados<\/p>\n<p>Junto con saludarlos, nos es grato informar que la Directiva del Centro de Padres este a\u00f1o est\u00e1 compuesta por:<\/p>\n<p><strong>Presidente:<\/strong> Macarena Cifuentes<\/p>\n<p><strong>Vicepresidente:<\/strong> Cristiana Arpea<\/p>\n<p><strong>Tesorera:<\/strong> Mar\u00eda Jos\u00e9 Fabri<\/p>\n<p><strong>Secretario general:<\/strong> Flavio Cavallo<\/p>\n<p><strong>Prosecretario<\/strong>: Tom\u00e1s Mitrano<\/p>\n<p><strong>Directora:<\/strong> Carolina Ugalde<\/p>\n<p><strong>Coordinadora:<\/strong> Claudia Pino<\/p>\n<p>Es nuestro inter\u00e9s y compromiso contar con su apoyo, e incentivarlos a trabajar en conjunto para hacer crecer los proyectos que se ejecutan en beneficio de toda la familia Scuola.<\/p>\n<p>Los invitamos a visitar nuestra p\u00e1gina web: <a href=\"https:\/\/www.cdg.cl\/\" target=\"_blank\" rel=\"noopener\">www.cdg.cl<\/a><\/p>\n<p>Les saludan muy cordialmente,<\/p>\n<p>Direttiva CDG<\/p>\n<hr \/>\n<p>\u00a0<\/p>\n<p>Gentili genitori,<\/p>\n<p>Con l\u2019occasione di salutarvi, siamo lieti di informarvi che la Direttiva del Centro Genitori per quest\u2019anno \u00e8 composta da:<\/p>\n<p><strong>Presidente:<\/strong> Macarena Cifuentes<\/p>\n<p><strong>Vicepresidente:<\/strong> Cristiana Arpea<\/p>\n<p><strong>Tesoriere:<\/strong> Mar\u00eda Jos\u00e9 Fabri<\/p>\n<p><strong>Segretario generale:<\/strong> Flavio Cavallo<\/p>\n<p><strong>Prosegretario:<\/strong> Tom\u00e1s Mitrano<\/p>\n<p><strong>Direttrice:<\/strong> Carolina Ugalde<\/p>\n<p><strong>Coordinatrice:<\/strong> Claudia Pino<\/p>\n<p>Il nostro interesse e impegno \u00e8 quello di contare sul vostro sostegno e di incentivarvi a lavorare insieme per far crescere i progetti realizzati a beneficio di tutta la famiglia della Scuola.<\/p>\n<p>Vi invitiamo a visitare il nostro sito web: www.cdg.cl<\/p>\n<p>Vi salutiamo cordialmente,<\/p>\n<p>Direttivo CDG<\/p>\n<h3><a href=\"http:\/\/cdg.cl\/\" target=\"_blank\" rel=\"noopener noreferrer\"><img loading=\"lazy\" decoding=\"async\" class=\"alignnone wp-image-1884 size-full\" src=\"http:\/\/www.scuola.cl\/sivm\/wp-content\/uploads\/2016\/09\/btn_web_cdg.png\" alt=\"btn_web_cdg\" width=\"900\" height=\"100\" srcset=\"https:\/\/www.scuola.cl\/sivm\/wp-content\/uploads\/2016\/09\/btn_web_cdg.png 900w, https:\/\/www.scuola.cl\/sivm\/wp-content\/uploads\/2016\/09\/btn_web_cdg-250x28.png 250w, https:\/\/www.scuola.cl\/sivm\/wp-content\/uploads\/2016\/09\/btn_web_cdg-768x85.png 768w, https:\/\/www.scuola.cl\/sivm\/wp-content\/uploads\/2016\/09\/btn_web_cdg-700x78.png 700w, https:\/\/www.scuola.cl\/sivm\/wp-content\/uploads\/2016\/09\/btn_web_cdg-120x13.png 120w\" sizes=\"auto, (max-width: 900px) 100vw, 900px\" \/><\/a><\/h3>\n\n","protected":false},"excerpt":{"rendered":"Estimados padres y apoderados Junto con saludarlos, nos es grato informar que la Directiva del Centro de Padres este a\u00f1o est\u00e1 compuesta por: Presidente: Macarena Cifuentes Vicepresidente: Cristiana Arpea Tesorera: Mar\u00eda Jos\u00e9 Fabri Secretario general: Flavio Cavallo Prosecretario: Tom\u00e1s Mitrano Directora: Carolina Ugalde Coordinadora: Claudia Pino Es nuestro inter\u00e9s y compromiso contar con su apoyo,&#8230; <a class=\"view-article\" href=\"https:\/\/www.scuola.cl\/sivm\/apoderados\/cdg\/\">Ver art\u00edculo<\/a>","protected":false},"author":1,"featured_media":0,"parent":180,"menu_order":0,"comment_status":"closed","ping_status":"closed","template":"apoderados.php","meta":{"_acf_changed":false,"footnotes":""},"class_list":["post-121","page","type-page","status-publish","hentry"],"acf":[],"yoast_head":"<!-- This site is optimized with the Yoast SEO plugin v27.1.1 - https:\/\/yoast.com\/product\/yoast-seo-wordpress\/ -->\n<title>CDG - Scuola Italiana<\/title>\n<meta name=\"robots\" content=\"index, follow, max-snippet:-1, max-image-preview:large, max-video-preview:-1\" \/>\n<link rel=\"canonical\" href=\"https:\/\/www.scuola.cl\/sivm\/apoderados\/cdg\/\" \/>\n<meta property=\"og:locale\" content=\"es_ES\" \/>\n<meta property=\"og:type\" content=\"article\" \/>\n<meta property=\"og:title\" content=\"CDG - Scuola Italiana\" \/>\n<meta property=\"og:description\" content=\"Estimados padres y apoderados Junto con saludarlos, nos es grato informar que la Directiva del Centro de Padres este a\u00f1o est\u00e1 compuesta por: Presidente: Macarena Cifuentes Vicepresidente: Cristiana Arpea Tesorera: Mar\u00eda Jos\u00e9 Fabri Secretario general: Flavio Cavallo Prosecretario: Tom\u00e1s Mitrano Directora: Carolina Ugalde Coordinadora: Claudia Pino Es nuestro inter\u00e9s y compromiso contar con su apoyo,... Ver art\u00edculo\" \/>\n<meta property=\"og:url\" content=\"https:\/\/www.scuola.cl\/sivm\/apoderados\/cdg\/\" \/>\n<meta property=\"og:site_name\" content=\"Scuola Italiana\" \/>\n<meta property=\"article:modified_time\" content=\"2025-10-03T20:13:09+00:00\" \/>\n<meta property=\"og:image\" content=\"https:\/\/www.scuola.cl\/sivm\/wp-content\/uploads\/2016\/09\/btn_web_cdg.png\" \/>\n\t<meta property=\"og:image:width\" content=\"900\" \/>\n\t<meta property=\"og:image:height\" content=\"100\" \/>\n\t<meta property=\"og:image:type\" content=\"image\/png\" \/>\n<meta name=\"twitter:card\" content=\"summary_large_image\" \/>\n<meta name=\"twitter:label1\" content=\"Tiempo de lectura\" \/>\n\t<meta name=\"twitter:data1\" content=\"2 minutos\" \/>\n<script type=\"application\/ld+json\" class=\"yoast-schema-graph\">{\"@context\":\"https:\/\/schema.org\",\"@graph\":[{\"@type\":\"WebPage\",\"@id\":\"https:\/\/www.scuola.cl\/sivm\/apoderados\/cdg\/\",\"url\":\"https:\/\/www.scuola.cl\/sivm\/apoderados\/cdg\/\",\"name\":\"CDG - Scuola Italiana\",\"isPartOf\":{\"@id\":\"https:\/\/www.scuola.cl\/sivm\/#website\"},\"primaryImageOfPage\":{\"@id\":\"https:\/\/www.scuola.cl\/sivm\/apoderados\/cdg\/#primaryimage\"},\"image\":{\"@id\":\"https:\/\/www.scuola.cl\/sivm\/apoderados\/cdg\/#primaryimage\"},\"thumbnailUrl\":\"http:\/\/www.scuola.cl\/sivm\/wp-content\/uploads\/2016\/09\/btn_web_cdg.png\",\"datePublished\":\"2016-09-08T18:34:41+00:00\",\"dateModified\":\"2025-10-03T20:13:09+00:00\",\"breadcrumb\":{\"@id\":\"https:\/\/www.scuola.cl\/sivm\/apoderados\/cdg\/#breadcrumb\"},\"inLanguage\":\"es\",\"potentialAction\":[{\"@type\":\"ReadAction\",\"target\":[\"https:\/\/www.scuola.cl\/sivm\/apoderados\/cdg\/\"]}]},{\"@type\":\"ImageObject\",\"inLanguage\":\"es\",\"@id\":\"https:\/\/www.scuola.cl\/sivm\/apoderados\/cdg\/#primaryimage\",\"url\":\"http:\/\/www.scuola.cl\/sivm\/wp-content\/uploads\/2016\/09\/btn_web_cdg.png\",\"contentUrl\":\"http:\/\/www.scuola.cl\/sivm\/wp-content\/uploads\/2016\/09\/btn_web_cdg.png\"},{\"@type\":\"BreadcrumbList\",\"@id\":\"https:\/\/www.scuola.cl\/sivm\/apoderados\/cdg\/#breadcrumb\",\"itemListElement\":[{\"@type\":\"ListItem\",\"position\":1,\"name\":\"Inicio\",\"item\":\"https:\/\/www.scuola.cl\/sivm\/\"},{\"@type\":\"ListItem\",\"position\":2,\"name\":\"APODERADOS\",\"item\":\"https:\/\/www.scuola.cl\/sivm\/apoderados\/\"},{\"@type\":\"ListItem\",\"position\":3,\"name\":\"CDG\"}]},{\"@type\":\"WebSite\",\"@id\":\"https:\/\/www.scuola.cl\/sivm\/#website\",\"url\":\"https:\/\/www.scuola.cl\/sivm\/\",\"name\":\"Scuola Italiana\",\"description\":\"Vittorio Montiglio\",\"publisher\":{\"@id\":\"https:\/\/www.scuola.cl\/sivm\/#organization\"},\"potentialAction\":[{\"@type\":\"SearchAction\",\"target\":{\"@type\":\"EntryPoint\",\"urlTemplate\":\"https:\/\/www.scuola.cl\/sivm\/?s={search_term_string}\"},\"query-input\":{\"@type\":\"PropertyValueSpecification\",\"valueRequired\":true,\"valueName\":\"search_term_string\"}}],\"inLanguage\":\"es\"},{\"@type\":\"Organization\",\"@id\":\"https:\/\/www.scuola.cl\/sivm\/#organization\",\"name\":\"Scuola Italiana Vittorio Montiglio\",\"url\":\"https:\/\/www.scuola.cl\/sivm\/\",\"logo\":{\"@type\":\"ImageObject\",\"inLanguage\":\"es\",\"@id\":\"https:\/\/www.scuola.cl\/sivm\/#\/schema\/logo\/image\/\",\"url\":\"https:\/\/www.scuola.cl\/sivm\/wp-content\/uploads\/2019\/06\/Logo_Scuola-01-001-1000x1000.png\",\"contentUrl\":\"https:\/\/www.scuola.cl\/sivm\/wp-content\/uploads\/2019\/06\/Logo_Scuola-01-001-1000x1000.png\",\"width\":1000,\"height\":1000,\"caption\":\"Scuola Italiana Vittorio Montiglio\"},\"image\":{\"@id\":\"https:\/\/www.scuola.cl\/sivm\/#\/schema\/logo\/image\/\"}}]}<\/script>\n<!-- \/ Yoast SEO plugin. -->","yoast_head_json":{"title":"CDG - Scuola Italiana","robots":{"index":"index","follow":"follow","max-snippet":"max-snippet:-1","max-image-preview":"max-image-preview:large","max-video-preview":"max-video-preview:-1"},"canonical":"https:\/\/www.scuola.cl\/sivm\/apoderados\/cdg\/","og_locale":"es_ES","og_type":"article","og_title":"CDG - Scuola Italiana","og_description":"Estimados padres y apoderados Junto con saludarlos, nos es grato informar que la Directiva del Centro de Padres este a\u00f1o est\u00e1 compuesta por: Presidente: Macarena Cifuentes Vicepresidente: Cristiana Arpea Tesorera: Mar\u00eda Jos\u00e9 Fabri Secretario general: Flavio Cavallo Prosecretario: Tom\u00e1s Mitrano Directora: Carolina Ugalde Coordinadora: Claudia Pino Es nuestro inter\u00e9s y compromiso contar con su apoyo,... Ver art\u00edculo","og_url":"https:\/\/www.scuola.cl\/sivm\/apoderados\/cdg\/","og_site_name":"Scuola Italiana","article_modified_time":"2025-10-03T20:13:09+00:00","og_image":[{"width":900,"height":100,"url":"https:\/\/www.scuola.cl\/sivm\/wp-content\/uploads\/2016\/09\/btn_web_cdg.png","type":"image\/png"}],"twitter_card":"summary_large_image","twitter_misc":{"Tiempo de lectura":"2 minutos"},"schema":{"@context":"https:\/\/schema.org","@graph":[{"@type":"WebPage","@id":"https:\/\/www.scuola.cl\/sivm\/apoderados\/cdg\/","url":"https:\/\/www.scuola.cl\/sivm\/apoderados\/cdg\/","name":"CDG - Scuola Italiana","isPartOf":{"@id":"https:\/\/www.scuola.cl\/sivm\/#website"},"primaryImageOfPage":{"@id":"https:\/\/www.scuola.cl\/sivm\/apoderados\/cdg\/#primaryimage"},"image":{"@id":"https:\/\/www.scuola.cl\/sivm\/apoderados\/cdg\/#primaryimage"},"thumbnailUrl":"http:\/\/www.scuola.cl\/sivm\/wp-content\/uploads\/2016\/09\/btn_web_cdg.png","datePublished":"2016-09-08T18:34:41+00:00","dateModified":"2025-10-03T20:13:09+00:00","breadcrumb":{"@id":"https:\/\/www.scuola.cl\/sivm\/apoderados\/cdg\/#breadcrumb"},"inLanguage":"es","potentialAction":[{"@type":"ReadAction","target":["https:\/\/www.scuola.cl\/sivm\/apoderados\/cdg\/"]}]},{"@type":"ImageObject","inLanguage":"es","@id":"https:\/\/www.scuola.cl\/sivm\/apoderados\/cdg\/#primaryimage","url":"http:\/\/www.scuola.cl\/sivm\/wp-content\/uploads\/2016\/09\/btn_web_cdg.png","contentUrl":"http:\/\/www.scuola.cl\/sivm\/wp-content\/uploads\/2016\/09\/btn_web_cdg.png"},{"@type":"BreadcrumbList","@id":"https:\/\/www.scuola.cl\/sivm\/apoderados\/cdg\/#breadcrumb","itemListElement":[{"@type":"ListItem","position":1,"name":"Inicio","item":"https:\/\/www.scuola.cl\/sivm\/"},{"@type":"ListItem","position":2,"name":"APODERADOS","item":"https:\/\/www.scuola.cl\/sivm\/apoderados\/"},{"@type":"ListItem","position":3,"name":"CDG"}]},{"@type":"WebSite","@id":"https:\/\/www.scuola.cl\/sivm\/#website","url":"https:\/\/www.scuola.cl\/sivm\/","name":"Scuola Italiana","description":"Vittorio Montiglio","publisher":{"@id":"https:\/\/www.scuola.cl\/sivm\/#organization"},"potentialAction":[{"@type":"SearchAction","target":{"@type":"EntryPoint","urlTemplate":"https:\/\/www.scuola.cl\/sivm\/?s={search_term_string}"},"query-input":{"@type":"PropertyValueSpecification","valueRequired":true,"valueName":"search_term_string"}}],"inLanguage":"es"},{"@type":"Organization","@id":"https:\/\/www.scuola.cl\/sivm\/#organization","name":"Scuola Italiana Vittorio Montiglio","url":"https:\/\/www.scuola.cl\/sivm\/","logo":{"@type":"ImageObject","inLanguage":"es","@id":"https:\/\/www.scuola.cl\/sivm\/#\/schema\/logo\/image\/","url":"https:\/\/www.scuola.cl\/sivm\/wp-content\/uploads\/2019\/06\/Logo_Scuola-01-001-1000x1000.png","contentUrl":"https:\/\/www.scuola.cl\/sivm\/wp-content\/uploads\/2019\/06\/Logo_Scuola-01-001-1000x1000.png","width":1000,"height":1000,"caption":"Scuola Italiana Vittorio Montiglio"},"image":{"@id":"https:\/\/www.scuola.cl\/sivm\/#\/schema\/logo\/image\/"}}]}},"_links":{"self":[{"href":"https:\/\/www.scuola.cl\/sivm\/wp-json\/wp\/v2\/pages\/121","targetHints":{"allow":["GET"]}}],"collection":[{"href":"https:\/\/www.scuola.cl\/sivm\/wp-json\/wp\/v2\/pages"}],"about":[{"href":"https:\/\/www.scuola.cl\/sivm\/wp-json\/wp\/v2\/types\/page"}],"author":[{"embeddable":true,"href":"https:\/\/www.scuola.cl\/sivm\/wp-json\/wp\/v2\/users\/1"}],"replies":[{"embeddable":true,"href":"https:\/\/www.scuola.cl\/sivm\/wp-json\/wp\/v2\/comments?post=121"}],"version-history":[{"count":62,"href":"https:\/\/www.scuola.cl\/sivm\/wp-json\/wp\/v2\/pages\/121\/revisions"}],"predecessor-version":[{"id":31104,"href":"https:\/\/www.scuola.cl\/sivm\/wp-json\/wp\/v2\/pages\/121\/revisions\/31104"}],"up":[{"embeddable":true,"href":"https:\/\/www.scuola.cl\/sivm\/wp-json\/wp\/v2\/pages\/180"}],"wp:attachment":[{"href":"https:\/\/www.scuola.cl\/sivm\/wp-json\/wp\/v2\/media?parent=121"}],"curies":[{"name":"wp","href":"https:\/\/api.w.org\/{rel}","templated":true}]}}