{"id":115,"date":"2016-09-08T18:29:10","date_gmt":"2016-09-08T18:29:10","guid":{"rendered":"http:\/\/www.scuola.cl\/sivm\/?page_id=115"},"modified":"2026-02-24T14:31:01","modified_gmt":"2026-02-24T17:31:01","slug":"enfermeria","status":"publish","type":"page","link":"https:\/\/www.scuola.cl\/sivm\/apoderados\/enfermeria\/","title":{"rendered":"Infermeria"},"content":{"rendered":"\n<p><strong><span style=\"font-size: 18pt; color: #339966;\">Misi\u00f3n<\/span><\/strong><\/p>\n\n\n\n<p>\u201cPrevenir, cuidar y promover la salud escolar, en un proceso continuo con enfoque integral que considera la tr\u00edada ni\u00f1o\/adolescente-familia-colegio, con la meta de lograr el egreso de j\u00f3venes sanos que han adquirido conductas de autocuidado en salud, &nbsp;a trav\u00e9s de acciones asistenciales, educativas durante las distintas etapas del crecimiento&nbsp; y desarrollo de los escolares&nbsp; durante todo su periodo de formaci\u00f3n acad\u00e9mico\u201d.<\/p>\n\n\n\n<div style=\"height:30px\" aria-hidden=\"true\" class=\"wp-block-spacer\"><\/div>\n\n\n\n<p><strong><span style=\"font-size: 18pt; color: #339966;\">Visi\u00f3n<\/span><\/strong><\/p>\n\n\n\n<p>Ser el primer eslab\u00f3n de la cadena de atenci\u00f3n de salud del estudiante, integrada y valorada en la comunidad escolar, formando parte de los equipos de trabajo, proyectando la &nbsp;enfermer\u00eda como una respuesta requerida de las necesidades de salud del ni\u00f1o \/ adolescente en el colegio. Con resultados que logren promover estudiantes comprometidos con su autocuidado.<\/p>\n\n\n\n<div style=\"height:30px\" aria-hidden=\"true\" class=\"wp-block-spacer\"><\/div>\n\n\n\n<p><span style=\"font-size: 18pt; color: #339966;\"><strong>Administraci\u00f3n de medicamentos<\/strong><\/span><\/p>\n\n\n\n<p>Las enfermeras no est\u00e1n autorizadas&nbsp; para administrar medicamentos a los alumnos para el manejo de s\u00edntomas que se presenten durante la jornada escolar (C\u00f3digo Sanitario Art. 112-113 MINSAL).<\/p>\n\n\n\n<p>S\u00f3lo se administrar\u00e1n aquellos medicamentos (en su envase original) que vengan acompa\u00f1ados de su respectiva receta con la&nbsp; indicaci\u00f3n m\u00e9dica completa (nombre del medicamento, dosis, horario y v\u00eda de administraci\u00f3n) y con fecha actualizada.&nbsp;<\/p>\n\n\n\n<div style=\"height:30px\" aria-hidden=\"true\" class=\"wp-block-spacer\"><\/div>\n\n\n\n<p><span style=\"font-size: 18pt; color: #339966;\"><strong>Actualizaci\u00f3n de Ficha de Salud<\/strong><\/span><\/p>\n\n\n\n<p>Es&nbsp;responsabilidad del apoderado&nbsp;mantener actualizados los antecedentes de salud y n\u00fameros de contacto<strong><em>&nbsp;<\/em><\/strong>que se encuentran en la ficha de salud de cada alumno:<\/p>\n\n\n\n<p><\/p>\n\n\n\n<p><a href=\"https:\/\/docs.google.com\/forms\/d\/e\/1FAIpQLSfyYPa6R2sxgicxaNLXrvM-iYavDKWiDiX9GALGAJRXpzg1mA\/viewform?usp=dialog\" target=\"_blank\" rel=\"noreferrer noopener\">Ver Ficha de Salud<\/a><\/p>\n\n\n\n<p><\/p>\n\n\n\n<p><span style=\"font-size: 18pt; color: #339966;\"><strong>Atenciones de Enfermer\u00eda<\/strong><\/span><\/p>\n\n\n\n<p>Todas las atenciones de enfermer\u00eda realizadas al alumno quedan registradas en archivos internos de la Unidad. Cuando un alumno\/a es atendido la enfermera se comunica con el apoderado si la situaci\u00f3n de salud lo requiere.<\/p>\n\n\n\n<p><\/p>\n\n\n\n<div style=\"height:30px\" aria-hidden=\"true\" class=\"wp-block-spacer\"><\/div>\n\n\n\n<p><span style=\"font-size: 18pt; color: #339966;\"><strong>Planta f\u00edsica y horarios de atenci\u00f3n<\/strong><\/span><\/p>\n\n\n\n<p>El colegio posee 2 unidades de atenci\u00f3n. La Enfermer\u00eda Central est\u00e1 ubicada contigua al patio de Primaria frente a la Biblioteca y la segunda ubicada en la Palestra, cercana a todas las instalaciones deportivas. El servicio de enfermer\u00eda cubre toda la jornada escolar, adem\u00e1s de Talleres deportivos.<br>La Enfermer\u00eda Central est\u00e1 abierta de lunes a viernes de 8:00 a 16:30 Hrs. y la Enfermer\u00eda de la Palestra de lunes a viernes desde las 16:30 Hrs. hasta el t\u00e9rmino del horario de Talleres.<br>Los d\u00edas s\u00e1bados, si hubiese actividades deportivas escolares,&nbsp;\u00e9stas est\u00e1n cubiertas por personal de la Cl\u00ednica en Convenio. (Carpa ubicada en Cruz de Malta frente al Port\u00f3n 3).<\/p>\n\n\n\n<p><\/p>\n\n\n\n<p><\/p>\n\n\n\n<div style=\"height:30px\" aria-hidden=\"true\" class=\"wp-block-spacer\"><\/div>\n\n\n\n<p><span style=\"font-size: 18pt; color: #339966;\"><strong>Profesionales de la salud<\/strong><\/span><\/p>\n\n\n\n<p>La Unidad de Enfermer\u00eda cuenta con tres Enfermeras Universitarias.<\/p>\n\n\n\n<div style=\"height:31px\" aria-hidden=\"true\" class=\"wp-block-spacer\"><\/div>\n\n\n\n<p><span style=\"font-size: 18pt; color: #339966;\"><strong>Documentos Importantes<\/strong><\/span><\/p>\n\n\n<p><a href=\"https:\/\/www.scuola.cl\/sivm\/wp-content\/uploads\/2025\/03\/Detalle-coberturas-Seguro-Clinica-UAndes-2025.pdf\" target=\"_blank\" rel=\"noopener\">Convenio de Accidentes Cl\u00ednica Universidad de los Andes<\/a><\/p>\n<p><a href=\"https:\/\/www.scuola.cl\/sivm\/wp-content\/uploads\/2025\/03\/Resumen-Coberturas-Clinica-UAndes-2025.pdf\" target=\"_blank\" rel=\"noopener\">Resumen Coberturas Clinica Universidad de los Andes 2025<\/a><\/p>\n<p><a href=\"https:\/\/www.scuola.cl\/sivm\/wp-content\/uploads\/2023\/10\/Reglamento-Unidad-de-Enfermeria-oct-2023.pdf\" target=\"_blank\" rel=\"noopener\">Reglamento Unidad de Enfermer\u00eda\u00a0 <\/a>\u00a0\/\u00a0 <a href=\"https:\/\/www.scuola.cl\/sivm\/wp-content\/uploads\/2025\/12\/Regolamento-Unita-diInfermieria.pdf\" target=\"_blank\" rel=\"noopener\">Regolamento Unit\u00e0 di Infermieria<\/a><\/p>\n<p><a href=\"https:\/\/www.scuola.cl\/sivm\/wp-content\/uploads\/2023\/11\/Protocolo-traslado-y-derivacion-OCTUBRE-2023.pdf\" target=\"_blank\" rel=\"noopener\">Protocolo Traslado y Derivaci\u00f3n Enfermer\u00eda\u00a0<\/a><\/p>\n<p><a href=\"https:\/\/www.scuola.cl\/sivm\/wp-content\/uploads\/2024\/05\/Enfermedades-Infectocontagiosas-a-notificar.pdf\" target=\"_blank\" rel=\"noopener\">Enfermedades Infectocontagiosas que deben ser notificadas a Enfermer\u00eda<\/a><\/p>","protected":false},"excerpt":{"rendered":"Misi\u00f3n \u201cPrevenir, cuidar y promover la salud escolar, en un proceso continuo con enfoque integral que considera la tr\u00edada ni\u00f1o\/adolescente-familia-colegio, con la meta de lograr el egreso de j\u00f3venes sanos que han adquirido conductas de autocuidado en salud, &nbsp;a trav\u00e9s de acciones asistenciales, educativas durante las distintas etapas del crecimiento&nbsp; y desarrollo de los escolares&nbsp;&#8230; <a class=\"view-article\" href=\"https:\/\/www.scuola.cl\/sivm\/apoderados\/enfermeria\/\">Ver art\u00edculo<\/a>","protected":false},"author":1,"featured_media":0,"parent":180,"menu_order":0,"comment_status":"closed","ping_status":"closed","template":"apoderados.php","meta":{"_acf_changed":false,"footnotes":""},"class_list":["post-115","page","type-page","status-publish","hentry"],"acf":[],"yoast_head":"<!-- This site is optimized with the Yoast SEO plugin v27.1.1 - https:\/\/yoast.com\/product\/yoast-seo-wordpress\/ -->\n<title>Infermeria - Scuola Italiana<\/title>\n<meta name=\"robots\" content=\"index, follow, max-snippet:-1, max-image-preview:large, max-video-preview:-1\" \/>\n<link rel=\"canonical\" href=\"https:\/\/www.scuola.cl\/sivm\/apoderados\/enfermeria\/\" \/>\n<meta property=\"og:locale\" content=\"es_ES\" \/>\n<meta property=\"og:type\" content=\"article\" \/>\n<meta property=\"og:title\" content=\"Infermeria - Scuola Italiana\" \/>\n<meta property=\"og:description\" content=\"Misi\u00f3n \u201cPrevenir, cuidar y promover la salud escolar, en un proceso continuo con enfoque integral que considera la tr\u00edada ni\u00f1o\/adolescente-familia-colegio, con la meta de lograr el egreso de j\u00f3venes sanos que han adquirido conductas de autocuidado en salud, &nbsp;a trav\u00e9s de acciones asistenciales, educativas durante las distintas etapas del crecimiento&nbsp; y desarrollo de los escolares&nbsp;... Ver art\u00edculo\" \/>\n<meta property=\"og:url\" content=\"https:\/\/www.scuola.cl\/sivm\/apoderados\/enfermeria\/\" \/>\n<meta property=\"og:site_name\" content=\"Scuola Italiana\" \/>\n<meta property=\"article:modified_time\" content=\"2026-02-24T17:31:01+00:00\" \/>\n<meta name=\"twitter:card\" content=\"summary_large_image\" \/>\n<meta name=\"twitter:label1\" content=\"Tiempo de lectura\" \/>\n\t<meta name=\"twitter:data1\" content=\"2 minutos\" \/>\n<script type=\"application\/ld+json\" class=\"yoast-schema-graph\">{\"@context\":\"https:\/\/schema.org\",\"@graph\":[{\"@type\":\"WebPage\",\"@id\":\"https:\/\/www.scuola.cl\/sivm\/apoderados\/enfermeria\/\",\"url\":\"https:\/\/www.scuola.cl\/sivm\/apoderados\/enfermeria\/\",\"name\":\"Infermeria - Scuola Italiana\",\"isPartOf\":{\"@id\":\"https:\/\/www.scuola.cl\/sivm\/#website\"},\"datePublished\":\"2016-09-08T18:29:10+00:00\",\"dateModified\":\"2026-02-24T17:31:01+00:00\",\"breadcrumb\":{\"@id\":\"https:\/\/www.scuola.cl\/sivm\/apoderados\/enfermeria\/#breadcrumb\"},\"inLanguage\":\"es\",\"potentialAction\":[{\"@type\":\"ReadAction\",\"target\":[\"https:\/\/www.scuola.cl\/sivm\/apoderados\/enfermeria\/\"]}]},{\"@type\":\"BreadcrumbList\",\"@id\":\"https:\/\/www.scuola.cl\/sivm\/apoderados\/enfermeria\/#breadcrumb\",\"itemListElement\":[{\"@type\":\"ListItem\",\"position\":1,\"name\":\"Inicio\",\"item\":\"https:\/\/www.scuola.cl\/sivm\/\"},{\"@type\":\"ListItem\",\"position\":2,\"name\":\"APODERADOS\",\"item\":\"https:\/\/www.scuola.cl\/sivm\/apoderados\/\"},{\"@type\":\"ListItem\",\"position\":3,\"name\":\"Infermeria\"}]},{\"@type\":\"WebSite\",\"@id\":\"https:\/\/www.scuola.cl\/sivm\/#website\",\"url\":\"https:\/\/www.scuola.cl\/sivm\/\",\"name\":\"Scuola Italiana\",\"description\":\"Vittorio Montiglio\",\"publisher\":{\"@id\":\"https:\/\/www.scuola.cl\/sivm\/#organization\"},\"potentialAction\":[{\"@type\":\"SearchAction\",\"target\":{\"@type\":\"EntryPoint\",\"urlTemplate\":\"https:\/\/www.scuola.cl\/sivm\/?s={search_term_string}\"},\"query-input\":{\"@type\":\"PropertyValueSpecification\",\"valueRequired\":true,\"valueName\":\"search_term_string\"}}],\"inLanguage\":\"es\"},{\"@type\":\"Organization\",\"@id\":\"https:\/\/www.scuola.cl\/sivm\/#organization\",\"name\":\"Scuola Italiana Vittorio Montiglio\",\"url\":\"https:\/\/www.scuola.cl\/sivm\/\",\"logo\":{\"@type\":\"ImageObject\",\"inLanguage\":\"es\",\"@id\":\"https:\/\/www.scuola.cl\/sivm\/#\/schema\/logo\/image\/\",\"url\":\"https:\/\/www.scuola.cl\/sivm\/wp-content\/uploads\/2019\/06\/Logo_Scuola-01-001-1000x1000.png\",\"contentUrl\":\"https:\/\/www.scuola.cl\/sivm\/wp-content\/uploads\/2019\/06\/Logo_Scuola-01-001-1000x1000.png\",\"width\":1000,\"height\":1000,\"caption\":\"Scuola Italiana Vittorio Montiglio\"},\"image\":{\"@id\":\"https:\/\/www.scuola.cl\/sivm\/#\/schema\/logo\/image\/\"}}]}<\/script>\n<!-- \/ Yoast SEO plugin. -->","yoast_head_json":{"title":"Infermeria - Scuola Italiana","robots":{"index":"index","follow":"follow","max-snippet":"max-snippet:-1","max-image-preview":"max-image-preview:large","max-video-preview":"max-video-preview:-1"},"canonical":"https:\/\/www.scuola.cl\/sivm\/apoderados\/enfermeria\/","og_locale":"es_ES","og_type":"article","og_title":"Infermeria - Scuola Italiana","og_description":"Misi\u00f3n \u201cPrevenir, cuidar y promover la salud escolar, en un proceso continuo con enfoque integral que considera la tr\u00edada ni\u00f1o\/adolescente-familia-colegio, con la meta de lograr el egreso de j\u00f3venes sanos que han adquirido conductas de autocuidado en salud, &nbsp;a trav\u00e9s de acciones asistenciales, educativas durante las distintas etapas del crecimiento&nbsp; y desarrollo de los escolares&nbsp;... Ver art\u00edculo","og_url":"https:\/\/www.scuola.cl\/sivm\/apoderados\/enfermeria\/","og_site_name":"Scuola Italiana","article_modified_time":"2026-02-24T17:31:01+00:00","twitter_card":"summary_large_image","twitter_misc":{"Tiempo de lectura":"2 minutos"},"schema":{"@context":"https:\/\/schema.org","@graph":[{"@type":"WebPage","@id":"https:\/\/www.scuola.cl\/sivm\/apoderados\/enfermeria\/","url":"https:\/\/www.scuola.cl\/sivm\/apoderados\/enfermeria\/","name":"Infermeria - Scuola Italiana","isPartOf":{"@id":"https:\/\/www.scuola.cl\/sivm\/#website"},"datePublished":"2016-09-08T18:29:10+00:00","dateModified":"2026-02-24T17:31:01+00:00","breadcrumb":{"@id":"https:\/\/www.scuola.cl\/sivm\/apoderados\/enfermeria\/#breadcrumb"},"inLanguage":"es","potentialAction":[{"@type":"ReadAction","target":["https:\/\/www.scuola.cl\/sivm\/apoderados\/enfermeria\/"]}]},{"@type":"BreadcrumbList","@id":"https:\/\/www.scuola.cl\/sivm\/apoderados\/enfermeria\/#breadcrumb","itemListElement":[{"@type":"ListItem","position":1,"name":"Inicio","item":"https:\/\/www.scuola.cl\/sivm\/"},{"@type":"ListItem","position":2,"name":"APODERADOS","item":"https:\/\/www.scuola.cl\/sivm\/apoderados\/"},{"@type":"ListItem","position":3,"name":"Infermeria"}]},{"@type":"WebSite","@id":"https:\/\/www.scuola.cl\/sivm\/#website","url":"https:\/\/www.scuola.cl\/sivm\/","name":"Scuola Italiana","description":"Vittorio Montiglio","publisher":{"@id":"https:\/\/www.scuola.cl\/sivm\/#organization"},"potentialAction":[{"@type":"SearchAction","target":{"@type":"EntryPoint","urlTemplate":"https:\/\/www.scuola.cl\/sivm\/?s={search_term_string}"},"query-input":{"@type":"PropertyValueSpecification","valueRequired":true,"valueName":"search_term_string"}}],"inLanguage":"es"},{"@type":"Organization","@id":"https:\/\/www.scuola.cl\/sivm\/#organization","name":"Scuola Italiana Vittorio Montiglio","url":"https:\/\/www.scuola.cl\/sivm\/","logo":{"@type":"ImageObject","inLanguage":"es","@id":"https:\/\/www.scuola.cl\/sivm\/#\/schema\/logo\/image\/","url":"https:\/\/www.scuola.cl\/sivm\/wp-content\/uploads\/2019\/06\/Logo_Scuola-01-001-1000x1000.png","contentUrl":"https:\/\/www.scuola.cl\/sivm\/wp-content\/uploads\/2019\/06\/Logo_Scuola-01-001-1000x1000.png","width":1000,"height":1000,"caption":"Scuola Italiana Vittorio Montiglio"},"image":{"@id":"https:\/\/www.scuola.cl\/sivm\/#\/schema\/logo\/image\/"}}]}},"_links":{"self":[{"href":"https:\/\/www.scuola.cl\/sivm\/wp-json\/wp\/v2\/pages\/115","targetHints":{"allow":["GET"]}}],"collection":[{"href":"https:\/\/www.scuola.cl\/sivm\/wp-json\/wp\/v2\/pages"}],"about":[{"href":"https:\/\/www.scuola.cl\/sivm\/wp-json\/wp\/v2\/types\/page"}],"author":[{"embeddable":true,"href":"https:\/\/www.scuola.cl\/sivm\/wp-json\/wp\/v2\/users\/1"}],"replies":[{"embeddable":true,"href":"https:\/\/www.scuola.cl\/sivm\/wp-json\/wp\/v2\/comments?post=115"}],"version-history":[{"count":172,"href":"https:\/\/www.scuola.cl\/sivm\/wp-json\/wp\/v2\/pages\/115\/revisions"}],"predecessor-version":[{"id":32357,"href":"https:\/\/www.scuola.cl\/sivm\/wp-json\/wp\/v2\/pages\/115\/revisions\/32357"}],"up":[{"embeddable":true,"href":"https:\/\/www.scuola.cl\/sivm\/wp-json\/wp\/v2\/pages\/180"}],"wp:attachment":[{"href":"https:\/\/www.scuola.cl\/sivm\/wp-json\/wp\/v2\/media?parent=115"}],"curies":[{"name":"wp","href":"https:\/\/api.w.org\/{rel}","templated":true}]}}